{"id":61956,"date":"2024-08-07T09:09:20","date_gmt":"2024-08-07T07:09:20","guid":{"rendered":"https:\/\/turismocoria.es\/importacion\/?page_id=61956"},"modified":"2024-08-14T08:47:19","modified_gmt":"2024-08-14T06:47:19","slug":"dinamizador-comercial","status":"publish","type":"page","link":"https:\/\/coria.org\/ayuntamiento\/index.php\/dinamizador-comercial\/","title":{"rendered":"Dinamizador Comercial"},"content":{"rendered":"\n<p>La Consejer\u00eda de Econom\u00eda e Infraestructuras de la Junta de Extremadura, al amparo del Decreto 159\/2018 resuelve la concesi\u00f3n de la ayuda para la contrataci\u00f3n, por parte del Ayuntamiento de Coria, de un gerente de dinamizaci\u00f3n comercial por periodo de tres a\u00f1os.<\/p>\n\n\n\n<h4 class=\"wp-block-heading\">Funciones<\/h4>\n\n\n\n<ul class=\"wp-block-list\">\n<li>La persona contratada ser\u00e1 la encargada de promocionar y dinamizar el peque\u00f1o comercio minorista de la localidad en todas las \u00e1reas y espacios comerciales, incluido el mercado de abastos. Entre sus funciones, cabe destacar las siguientes:<\/li>\n\n\n\n<li>El desarrollo por parte del Ayuntamiento de proyectos de animaci\u00f3n comercial acogidos al Decreto 270\/2014, de 16 de diciembre, por el que se establecen las bases reguladoras de las ayudas para la realizaci\u00f3n de proyectos de animaci\u00f3n comercial y primera convocatoria de ayudas para los proyectos realizados por asociaciones, federaciones y confederaciones del sector comercio, modificado por el Decreto 81\/2015, de 5 de mayo, y por el Decreto 308\/2015, de 11 de diciembre.<\/li>\n\n\n\n<li>La coordinaci\u00f3n y colaboraci\u00f3n con las asociaciones de comerciantes para que \u00e9stas desarrollen tambi\u00e9n proyectos de animaci\u00f3n comercial acogidos al Decreto 270\/2014, de 16 de diciembre.<\/li>\n\n\n\n<li>Fomentar el asociacionismo en aquellas \u00e1reas comerciales y localidades en las que no exista asociaci\u00f3n de comerciantes.<\/li>\n\n\n\n<li>Promover la cooperaci\u00f3n entre los comerciantes y entre los comerciantes y otros sectores como el turismo, el ocio y la hosteler\u00eda..<\/li>\n\n\n\n<li>Colaborar con la Secretar\u00eda de Econom\u00eda y Comercio y con Extremadura Avante para difundir y dar a conocer a los comerciantes los planes y medidas que se desarrollen para el comercio minorista.<\/li>\n<\/ul>\n\n\n\n<p>Puede ponerse en contacto con el Dinamizador Comercial del Ayuntamiento de Coria mediante:<\/p>\n\n\n\n<div class=\"wp-block-group has-background is-layout-flow wp-block-group-is-layout-flow\" style=\"background-color:#f4f2e6\">\n<div class=\"wp-block-stackable-columns stk-block-columns stk-block stk-16bd2e7 stk-block-background\" data-block-id=\"16bd2e7\"><style>.stk-16bd2e7{background-color:#f4f2e6 !important;margin-bottom:11px !important}.stk-16bd2e7:before{background-color:#f4f2e6 !important}.stk-16bd2e7-column{--stk-columns-spacing:1px !important}<\/style><div class=\"stk-row stk-inner-blocks stk-block-content stk-content-align stk-16bd2e7-column\">\n<div class=\"wp-block-stackable-column stk-block-column stk-column stk-block stk-dbd9ecd\" data-v=\"4\" data-block-id=\"dbd9ecd\"><style>@media screen and (min-width:768px){.stk-dbd9ecd{flex:var(--stk-flex-grow,1) 1 calc(25% - var(--stk-column-gap,0px) * 1 \/ 2 ) !important}}<\/style><div class=\"stk-column-wrapper stk-block-column__content stk-container stk-dbd9ecd-container stk--no-background stk--no-padding\"><div class=\"has-text-align-center stk-block-content stk-inner-blocks stk-dbd9ecd-inner-blocks\">\n<div class=\"wp-block-stackable-icon stk-block-icon stk-block stk-af99355\" data-block-id=\"af99355\"><span class=\"stk--svg-wrapper\"><div class=\"stk--inner-svg\"><svg style=\"height:0;width:0\"><defs><linearGradient id=\"linear-gradient-af99355\" x1=\"0\" x2=\"100%\" y1=\"0\" y2=\"0\"><stop offset=\"0%\" style=\"stop-opacity:1;stop-color:var(--linear-gradient-af-99355-color-1)\"><\/stop><stop offset=\"100%\" style=\"stop-opacity:1;stop-color:var(--linear-gradient-af-99355-color-2)\"><\/stop><\/linearGradient><\/defs><\/svg><svg class=\"ugb-custom-icon\" xmlns=\"http:\/\/www.w3.org\/2000\/svg\" fill=\"none\" viewBox=\"0 0 17 21\" aria-hidden=\"true\" width=\"32\" height=\"32\">\n  <g stroke=\"currentColor\" stroke-linecap=\"round\" stroke-linejoin=\"round\" stroke-width=\"2\">\n    <path d=\"M8 12a3 3 0 1 0 0-6 3 3 0 0 0 0 6Z\"><\/path>\n    <path d=\"M13.8 12.938h-.01a7 7 0 1 0-11.465.144h-.016l.141.171c.1.127.2.251.3.371L8 20l5.13-6.248c.193-.209.373-.429.54-.659l.13-.155Z\"><\/path>\n  <\/g>\n<\/svg><\/div><\/span><\/div>\n<\/div><\/div><\/div>\n\n\n\n<div class=\"wp-block-stackable-column stk-block-column stk-column stk-block stk-bc62196\" data-v=\"4\" data-block-id=\"bc62196\"><style>@media screen and (min-width:768px){.stk-bc62196{flex:var(--stk-flex-grow,1) 1 calc(75% - var(--stk-column-gap,0px) * 1 \/ 2 ) !important}}<\/style><div class=\"stk-column-wrapper stk-block-column__content stk-container stk-bc62196-container stk--no-background stk--no-padding\"><div class=\"stk-block-content stk-inner-blocks stk-bc62196-inner-blocks\">\n<p>Plaza de San Pedro,1 -10800 Coria<\/p>\n<\/div><\/div><\/div>\n<\/div><\/div>\n\n\n\n<div class=\"wp-block-stackable-columns stk-block-columns stk-block stk-624a6b8 stk-block-background\" data-block-id=\"624a6b8\"><style>.stk-624a6b8{background-color:#f4f2e6 !important}.stk-624a6b8:before{background-color:#f4f2e6 !important}.stk-624a6b8-column{--stk-columns-spacing:0px !important}<\/style><div class=\"stk-row stk-inner-blocks stk-block-content stk-content-align stk-624a6b8-column\">\n<div class=\"wp-block-stackable-column stk-block-column stk-column stk-block stk-60e88b2\" data-v=\"4\" data-block-id=\"60e88b2\"><style>@media screen and (min-width:768px){.stk-60e88b2{flex:var(--stk-flex-grow,1) 1 calc(25% - var(--stk-column-gap,0px) * 1 \/ 2 ) !important}}<\/style><div class=\"stk-column-wrapper stk-block-column__content stk-container stk-60e88b2-container stk--no-background stk--no-padding\"><div class=\"has-text-align-center stk-block-content stk-inner-blocks stk-60e88b2-inner-blocks\">\n<div class=\"wp-block-stackable-icon stk-block-icon stk-block stk-729a8a3\" data-block-id=\"729a8a3\"><span class=\"stk--svg-wrapper\"><div class=\"stk--inner-svg\"><svg style=\"height:0;width:0\"><defs><linearGradient id=\"linear-gradient-729a8a3\" x1=\"0\" x2=\"100%\" y1=\"0\" y2=\"0\"><stop offset=\"0%\" style=\"stop-opacity:1;stop-color:var(--linear-gradient-729-a-8-a-3-color-1)\"><\/stop><stop offset=\"100%\" style=\"stop-opacity:1;stop-color:var(--linear-gradient-729-a-8-a-3-color-2)\"><\/stop><\/linearGradient><\/defs><\/svg><svg class=\"ugb-custom-icon\" xmlns=\"http:\/\/www.w3.org\/2000\/svg\" fill=\"none\" viewBox=\"0 0 18 18\" aria-hidden=\"true\" width=\"32\" height=\"32\">\n  <path stroke=\"currentColor\" stroke-linecap=\"round\" stroke-linejoin=\"round\" stroke-width=\"2\" d=\"m16.344 12.168-1.4-1.4a1.981 1.981 0 0 0-2.8 0l-.7.7a1.98 1.98 0 0 1-2.8 0l-2.1-2.1a1.98 1.98 0 0 1 0-2.8l.7-.7a1.981 1.981 0 0 0 0-2.8l-1.4-1.4a1.828 1.828 0 0 0-2.8 0C-.638 5.323 1.1 9.542 4.78 13.22c3.68 3.678 7.9 5.418 11.564 1.752a1.828 1.828 0 0 0 0-2.804Z\"><\/path>\n<\/svg><\/div><\/span><\/div>\n<\/div><\/div><\/div>\n\n\n\n<div class=\"wp-block-stackable-column stk-block-column stk-column stk-block stk-1ea9b43\" data-v=\"4\" data-block-id=\"1ea9b43\"><style>@media screen and (min-width:768px){.stk-1ea9b43{flex:var(--stk-flex-grow,1) 1 calc(75% - var(--stk-column-gap,0px) * 1 \/ 2 ) !important}}<\/style><div class=\"stk-column-wrapper stk-block-column__content stk-container stk-1ea9b43-container stk--no-background stk--no-padding\"><div class=\"stk-block-content stk-inner-blocks stk-1ea9b43-inner-blocks\">\n<p><a href=\"Tel:+34927508000p321\" data-type=\"link\" data-id=\"Tel:+34927508000p321\">927508000 Ext.321<\/a><\/p>\n<\/div><\/div><\/div>\n<\/div><\/div>\n\n\n\n<div class=\"wp-block-stackable-columns stk-block-columns stk-block stk-8645e65 stk-block-background\" data-block-id=\"8645e65\"><style>.stk-8645e65{background-color:#f4f2e6 !important}.stk-8645e65:before{background-color:#f4f2e6 !important}.stk-8645e65-column{--stk-columns-spacing:0px !important}<\/style><div class=\"stk-row stk-inner-blocks stk-block-content stk-content-align stk-8645e65-column\">\n<div class=\"wp-block-stackable-column stk-block-column stk-column stk-block stk-ed0744b\" data-v=\"4\" data-block-id=\"ed0744b\"><style>@media screen and (min-width:768px){.stk-ed0744b{flex:var(--stk-flex-grow,1) 1 calc(25% - var(--stk-column-gap,0px) * 1 \/ 2 ) !important}}<\/style><div class=\"stk-column-wrapper stk-block-column__content stk-container stk-ed0744b-container stk--no-background stk--no-padding\"><div class=\"has-text-align-center stk-block-content stk-inner-blocks stk-ed0744b-inner-blocks\">\n<div class=\"wp-block-stackable-icon stk-block-icon stk-block stk-e5e1ead\" data-block-id=\"e5e1ead\"><span class=\"stk--svg-wrapper\"><div class=\"stk--inner-svg\"><svg style=\"height:0;width:0\"><defs><linearGradient id=\"linear-gradient-e5e1ead\" x1=\"0\" x2=\"100%\" y1=\"0\" y2=\"0\"><stop offset=\"0%\" style=\"stop-opacity:1;stop-color:var(--linear-gradient-e-5-e-1-ead-color-1)\"><\/stop><stop offset=\"100%\" style=\"stop-opacity:1;stop-color:var(--linear-gradient-e-5-e-1-ead-color-2)\"><\/stop><\/linearGradient><\/defs><\/svg><svg class=\"ugb-custom-icon\" fill=\"none\" viewBox=\"0 0 20 16\" xmlns=\"http:\/\/www.w3.org\/2000\/svg\" aria-hidden=\"true\" width=\"32\" height=\"32\"><g fill=\"#000\"><path d=\"m10.036 8.278 9.258-7.79a1.979 1.979 0 0 0 -1.294-.488h-16a1.987 1.987 0 0 0 -1.359.541z\"><\/path><path d=\"m11.241 9.817c-.36.275-.801.425-1.255.427-.428 0-.845-.138-1.187-.395l-8.799-7.249v11.4a2 2 0 0 0 2 2h16a2 2 0 0 0 2-2v-11.5z\"><\/path><\/g><\/svg><\/div><\/span><\/div>\n<\/div><\/div><\/div>\n\n\n\n<div class=\"wp-block-stackable-column stk-block-column stk-column stk-block stk-5653300\" data-v=\"4\" data-block-id=\"5653300\"><style>@media screen and (min-width:768px){.stk-5653300{flex:var(--stk-flex-grow,1) 1 calc(75% - var(--stk-column-gap,0px) * 1 \/ 2 ) !important}}<\/style><div class=\"stk-column-wrapper stk-block-column__content stk-container stk-5653300-container stk--no-background stk--no-padding\"><div class=\"stk-block-content stk-inner-blocks stk-5653300-inner-blocks\">\n<p><a href=\"mailto:angel.corchero@coria.org\" data-type=\"mailto\" data-id=\"mailto:angel.corchero@coria.org\"> angel.corchero@coria.org<\/a><\/p>\n<\/div><\/div><\/div>\n<\/div><\/div>\n<\/div>\n","protected":false},"excerpt":{"rendered":"<p>La Consejer\u00eda de Econom\u00eda e Infraestructuras de la Junta de Extremadura, al amparo del Decreto 159\/2018 resuelve la concesi\u00f3n de la ayuda para la contrataci\u00f3n, por parte del Ayuntamiento de Coria, de un gerente de dinamizaci\u00f3n comercial por periodo de tres a\u00f1os. Funciones Puede ponerse en contacto con el Dinamizador Comercial del Ayuntamiento de Coria [&hellip;]<\/p>\n","protected":false},"author":2,"featured_media":58189,"parent":0,"menu_order":0,"comment_status":"closed","ping_status":"closed","template":"","meta":{"_uag_custom_page_level_css":"","footnotes":""},"class_list":["post-61956","page","type-page","status-publish","has-post-thumbnail","hentry"],"yoast_head":"<!-- This site is optimized with the Yoast SEO plugin v27.4 - https:\/\/yoast.com\/product\/yoast-seo-wordpress\/ -->\n<title>Dinamizador Comercial - Ayuntamiento de Coria<\/title>\n<meta name=\"description\" content=\"Funciones y Datos de contacto del Dinamizador Comercial del Ayuntamiento de Coria.\" \/>\n<meta name=\"robots\" content=\"index, follow, max-snippet:-1, max-image-preview:large, max-video-preview:-1\" \/>\n<link rel=\"canonical\" href=\"https:\/\/coria.org\/ayuntamiento\/index.php\/dinamizador-comercial\/\" \/>\n<meta property=\"og:locale\" content=\"es_ES\" \/>\n<meta property=\"og:type\" content=\"article\" \/>\n<meta property=\"og:title\" content=\"Dinamizador Comercial - Ayuntamiento de Coria\" \/>\n<meta property=\"og:description\" content=\"Funciones y Datos de contacto del Dinamizador Comercial del Ayuntamiento de Coria.\" \/>\n<meta property=\"og:url\" content=\"https:\/\/coria.org\/ayuntamiento\/index.php\/dinamizador-comercial\/\" \/>\n<meta property=\"og:site_name\" content=\"Ayuntamiento de Coria\" \/>\n<meta property=\"article:publisher\" content=\"https:\/\/www.facebook.com\/Ayuntamiento.de.Coria\" \/>\n<meta property=\"article:modified_time\" content=\"2024-08-14T06:47:19+00:00\" \/>\n<meta property=\"og:image\" content=\"https:\/\/coria.org\/ayuntamiento\/wp-content\/uploads\/2024\/02\/banner-comercio.jpg\" \/>\n\t<meta property=\"og:image:width\" content=\"1024\" \/>\n\t<meta property=\"og:image:height\" content=\"1086\" \/>\n\t<meta property=\"og:image:type\" content=\"image\/jpeg\" \/>\n<meta name=\"twitter:card\" content=\"summary_large_image\" \/>\n<meta name=\"twitter:site\" content=\"@Ayto_de_Coria\" \/>\n<meta name=\"twitter:label1\" content=\"Tiempo de lectura\" \/>\n\t<meta name=\"twitter:data1\" content=\"2 minutos\" \/>\n<script type=\"application\/ld+json\" class=\"yoast-schema-graph\">{\"@context\":\"https:\\\/\\\/schema.org\",\"@graph\":[{\"@type\":\"WebPage\",\"@id\":\"https:\\\/\\\/coria.org\\\/ayuntamiento\\\/index.php\\\/dinamizador-comercial\\\/\",\"url\":\"https:\\\/\\\/coria.org\\\/ayuntamiento\\\/index.php\\\/dinamizador-comercial\\\/\",\"name\":\"Dinamizador Comercial - Ayuntamiento de Coria\",\"isPartOf\":{\"@id\":\"https:\\\/\\\/coria.org\\\/ayuntamiento\\\/#website\"},\"primaryImageOfPage\":{\"@id\":\"https:\\\/\\\/coria.org\\\/ayuntamiento\\\/index.php\\\/dinamizador-comercial\\\/#primaryimage\"},\"image\":{\"@id\":\"https:\\\/\\\/coria.org\\\/ayuntamiento\\\/index.php\\\/dinamizador-comercial\\\/#primaryimage\"},\"thumbnailUrl\":\"https:\\\/\\\/coria.org\\\/ayuntamiento\\\/wp-content\\\/uploads\\\/2024\\\/02\\\/banner-comercio.jpg\",\"datePublished\":\"2024-08-07T07:09:20+00:00\",\"dateModified\":\"2024-08-14T06:47:19+00:00\",\"description\":\"Funciones y Datos de contacto del Dinamizador Comercial del Ayuntamiento de Coria.\",\"breadcrumb\":{\"@id\":\"https:\\\/\\\/coria.org\\\/ayuntamiento\\\/index.php\\\/dinamizador-comercial\\\/#breadcrumb\"},\"inLanguage\":\"es\",\"potentialAction\":[{\"@type\":\"ReadAction\",\"target\":[\"https:\\\/\\\/coria.org\\\/ayuntamiento\\\/index.php\\\/dinamizador-comercial\\\/\"]}]},{\"@type\":\"ImageObject\",\"inLanguage\":\"es\",\"@id\":\"https:\\\/\\\/coria.org\\\/ayuntamiento\\\/index.php\\\/dinamizador-comercial\\\/#primaryimage\",\"url\":\"https:\\\/\\\/coria.org\\\/ayuntamiento\\\/wp-content\\\/uploads\\\/2024\\\/02\\\/banner-comercio.jpg\",\"contentUrl\":\"https:\\\/\\\/coria.org\\\/ayuntamiento\\\/wp-content\\\/uploads\\\/2024\\\/02\\\/banner-comercio.jpg\",\"width\":1024,\"height\":1086},{\"@type\":\"BreadcrumbList\",\"@id\":\"https:\\\/\\\/coria.org\\\/ayuntamiento\\\/index.php\\\/dinamizador-comercial\\\/#breadcrumb\",\"itemListElement\":[{\"@type\":\"ListItem\",\"position\":1,\"name\":\"Inicio\",\"item\":\"https:\\\/\\\/coria.org\\\/ayuntamiento\\\/\"},{\"@type\":\"ListItem\",\"position\":2,\"name\":\"Dinamizador Comercial\"}]},{\"@type\":\"WebSite\",\"@id\":\"https:\\\/\\\/coria.org\\\/ayuntamiento\\\/#website\",\"url\":\"https:\\\/\\\/coria.org\\\/ayuntamiento\\\/\",\"name\":\"Ayuntamiento de Coria\",\"description\":\"Web oficial del Ayuntamiento de Coria\",\"publisher\":{\"@id\":\"https:\\\/\\\/coria.org\\\/ayuntamiento\\\/#organization\"},\"alternateName\":\"Web Oficial del Ayuntamiento de Coria\",\"potentialAction\":[{\"@type\":\"SearchAction\",\"target\":{\"@type\":\"EntryPoint\",\"urlTemplate\":\"https:\\\/\\\/coria.org\\\/ayuntamiento\\\/?s={search_term_string}\"},\"query-input\":{\"@type\":\"PropertyValueSpecification\",\"valueRequired\":true,\"valueName\":\"search_term_string\"}}],\"inLanguage\":\"es\"},{\"@type\":\"Organization\",\"@id\":\"https:\\\/\\\/coria.org\\\/ayuntamiento\\\/#organization\",\"name\":\"Ayuntamiento de Coria\",\"alternateName\":\"Ayto de Coria\",\"url\":\"https:\\\/\\\/coria.org\\\/ayuntamiento\\\/\",\"logo\":{\"@type\":\"ImageObject\",\"inLanguage\":\"es\",\"@id\":\"https:\\\/\\\/coria.org\\\/ayuntamiento\\\/#\\\/schema\\\/logo\\\/image\\\/\",\"url\":\"https:\\\/\\\/coria.org\\\/ayuntamiento\\\/wp-content\\\/uploads\\\/2020\\\/12\\\/escudo-ayuntamiento-coria.png\",\"contentUrl\":\"https:\\\/\\\/coria.org\\\/ayuntamiento\\\/wp-content\\\/uploads\\\/2020\\\/12\\\/escudo-ayuntamiento-coria.png\",\"width\":511,\"height\":240,\"caption\":\"Ayuntamiento de Coria\"},\"image\":{\"@id\":\"https:\\\/\\\/coria.org\\\/ayuntamiento\\\/#\\\/schema\\\/logo\\\/image\\\/\"},\"sameAs\":[\"https:\\\/\\\/www.facebook.com\\\/Ayuntamiento.de.Coria\",\"https:\\\/\\\/x.com\\\/Ayto_de_Coria\",\"https:\\\/\\\/www.instagram.com\\\/coria.ayuntamiento\\\/\",\"https:\\\/\\\/www.youtube.com\\\/user\\\/AYUNTAMIENTOCORIA\"]}]}<\/script>\n<!-- \/ Yoast SEO plugin. -->","yoast_head_json":{"title":"Dinamizador Comercial - Ayuntamiento de Coria","description":"Funciones y Datos de contacto del Dinamizador Comercial del Ayuntamiento de Coria.","robots":{"index":"index","follow":"follow","max-snippet":"max-snippet:-1","max-image-preview":"max-image-preview:large","max-video-preview":"max-video-preview:-1"},"canonical":"https:\/\/coria.org\/ayuntamiento\/index.php\/dinamizador-comercial\/","og_locale":"es_ES","og_type":"article","og_title":"Dinamizador Comercial - Ayuntamiento de Coria","og_description":"Funciones y Datos de contacto del Dinamizador Comercial del Ayuntamiento de Coria.","og_url":"https:\/\/coria.org\/ayuntamiento\/index.php\/dinamizador-comercial\/","og_site_name":"Ayuntamiento de Coria","article_publisher":"https:\/\/www.facebook.com\/Ayuntamiento.de.Coria","article_modified_time":"2024-08-14T06:47:19+00:00","og_image":[{"width":1024,"height":1086,"url":"https:\/\/coria.org\/ayuntamiento\/wp-content\/uploads\/2024\/02\/banner-comercio.jpg","type":"image\/jpeg"}],"twitter_card":"summary_large_image","twitter_site":"@Ayto_de_Coria","twitter_misc":{"Tiempo de lectura":"2 minutos"},"schema":{"@context":"https:\/\/schema.org","@graph":[{"@type":"WebPage","@id":"https:\/\/coria.org\/ayuntamiento\/index.php\/dinamizador-comercial\/","url":"https:\/\/coria.org\/ayuntamiento\/index.php\/dinamizador-comercial\/","name":"Dinamizador Comercial - Ayuntamiento de Coria","isPartOf":{"@id":"https:\/\/coria.org\/ayuntamiento\/#website"},"primaryImageOfPage":{"@id":"https:\/\/coria.org\/ayuntamiento\/index.php\/dinamizador-comercial\/#primaryimage"},"image":{"@id":"https:\/\/coria.org\/ayuntamiento\/index.php\/dinamizador-comercial\/#primaryimage"},"thumbnailUrl":"https:\/\/coria.org\/ayuntamiento\/wp-content\/uploads\/2024\/02\/banner-comercio.jpg","datePublished":"2024-08-07T07:09:20+00:00","dateModified":"2024-08-14T06:47:19+00:00","description":"Funciones y Datos de contacto del Dinamizador Comercial del Ayuntamiento de Coria.","breadcrumb":{"@id":"https:\/\/coria.org\/ayuntamiento\/index.php\/dinamizador-comercial\/#breadcrumb"},"inLanguage":"es","potentialAction":[{"@type":"ReadAction","target":["https:\/\/coria.org\/ayuntamiento\/index.php\/dinamizador-comercial\/"]}]},{"@type":"ImageObject","inLanguage":"es","@id":"https:\/\/coria.org\/ayuntamiento\/index.php\/dinamizador-comercial\/#primaryimage","url":"https:\/\/coria.org\/ayuntamiento\/wp-content\/uploads\/2024\/02\/banner-comercio.jpg","contentUrl":"https:\/\/coria.org\/ayuntamiento\/wp-content\/uploads\/2024\/02\/banner-comercio.jpg","width":1024,"height":1086},{"@type":"BreadcrumbList","@id":"https:\/\/coria.org\/ayuntamiento\/index.php\/dinamizador-comercial\/#breadcrumb","itemListElement":[{"@type":"ListItem","position":1,"name":"Inicio","item":"https:\/\/coria.org\/ayuntamiento\/"},{"@type":"ListItem","position":2,"name":"Dinamizador Comercial"}]},{"@type":"WebSite","@id":"https:\/\/coria.org\/ayuntamiento\/#website","url":"https:\/\/coria.org\/ayuntamiento\/","name":"Ayuntamiento de Coria","description":"Web oficial del Ayuntamiento de Coria","publisher":{"@id":"https:\/\/coria.org\/ayuntamiento\/#organization"},"alternateName":"Web Oficial del Ayuntamiento de Coria","potentialAction":[{"@type":"SearchAction","target":{"@type":"EntryPoint","urlTemplate":"https:\/\/coria.org\/ayuntamiento\/?s={search_term_string}"},"query-input":{"@type":"PropertyValueSpecification","valueRequired":true,"valueName":"search_term_string"}}],"inLanguage":"es"},{"@type":"Organization","@id":"https:\/\/coria.org\/ayuntamiento\/#organization","name":"Ayuntamiento de Coria","alternateName":"Ayto de Coria","url":"https:\/\/coria.org\/ayuntamiento\/","logo":{"@type":"ImageObject","inLanguage":"es","@id":"https:\/\/coria.org\/ayuntamiento\/#\/schema\/logo\/image\/","url":"https:\/\/coria.org\/ayuntamiento\/wp-content\/uploads\/2020\/12\/escudo-ayuntamiento-coria.png","contentUrl":"https:\/\/coria.org\/ayuntamiento\/wp-content\/uploads\/2020\/12\/escudo-ayuntamiento-coria.png","width":511,"height":240,"caption":"Ayuntamiento de Coria"},"image":{"@id":"https:\/\/coria.org\/ayuntamiento\/#\/schema\/logo\/image\/"},"sameAs":["https:\/\/www.facebook.com\/Ayuntamiento.de.Coria","https:\/\/x.com\/Ayto_de_Coria","https:\/\/www.instagram.com\/coria.ayuntamiento\/","https:\/\/www.youtube.com\/user\/AYUNTAMIENTOCORIA"]}]}},"uagb_featured_image_src":{"full":["https:\/\/coria.org\/ayuntamiento\/wp-content\/uploads\/2024\/02\/banner-comercio.jpg",1024,1086,false],"thumbnail":["https:\/\/coria.org\/ayuntamiento\/wp-content\/uploads\/2024\/02\/banner-comercio-150x150.jpg",150,150,true],"medium":["https:\/\/coria.org\/ayuntamiento\/wp-content\/uploads\/2024\/02\/banner-comercio-283x300.jpg",283,300,true],"medium_large":["https:\/\/coria.org\/ayuntamiento\/wp-content\/uploads\/2024\/02\/banner-comercio-768x815.jpg",768,815,true],"large":["https:\/\/coria.org\/ayuntamiento\/wp-content\/uploads\/2024\/02\/banner-comercio-966x1024.jpg",966,1024,true],"thumblist":["https:\/\/coria.org\/ayuntamiento\/wp-content\/uploads\/2024\/02\/banner-comercio-300x300.jpg",300,300,true],"thumbrelated":["https:\/\/coria.org\/ayuntamiento\/wp-content\/uploads\/2024\/02\/banner-comercio-500x500.jpg",500,500,true],"meccarouselthumb":["https:\/\/coria.org\/ayuntamiento\/wp-content\/uploads\/2024\/02\/banner-comercio-474x324.jpg",474,324,true],"gridsquare":["https:\/\/coria.org\/ayuntamiento\/wp-content\/uploads\/2024\/02\/banner-comercio-391x260.jpg",391,260,true],"tileview":["https:\/\/coria.org\/ayuntamiento\/wp-content\/uploads\/2024\/02\/banner-comercio-300x400.jpg",300,400,true],"1536x1536":["https:\/\/coria.org\/ayuntamiento\/wp-content\/uploads\/2024\/02\/banner-comercio.jpg",1024,1086,false],"2048x2048":["https:\/\/coria.org\/ayuntamiento\/wp-content\/uploads\/2024\/02\/banner-comercio.jpg",1024,1086,false]},"uagb_author_info":{"display_name":"ayuntamiento","author_link":"https:\/\/coria.org\/ayuntamiento\/index.php\/author\/ayuntamiento\/"},"uagb_comment_info":0,"uagb_excerpt":"La Consejer\u00eda de Econom\u00eda e Infraestructuras de la Junta de Extremadura, al amparo del Decreto 159\/2018 resuelve la concesi\u00f3n de la ayuda para la contrataci\u00f3n, por parte del Ayuntamiento de Coria, de un gerente de dinamizaci\u00f3n comercial por periodo de tres a\u00f1os. Funciones Puede ponerse en contacto con el Dinamizador Comercial del Ayuntamiento de Coria&hellip;","_links":{"self":[{"href":"https:\/\/coria.org\/ayuntamiento\/index.php\/wp-json\/wp\/v2\/pages\/61956","targetHints":{"allow":["GET"]}}],"collection":[{"href":"https:\/\/coria.org\/ayuntamiento\/index.php\/wp-json\/wp\/v2\/pages"}],"about":[{"href":"https:\/\/coria.org\/ayuntamiento\/index.php\/wp-json\/wp\/v2\/types\/page"}],"author":[{"embeddable":true,"href":"https:\/\/coria.org\/ayuntamiento\/index.php\/wp-json\/wp\/v2\/users\/2"}],"replies":[{"embeddable":true,"href":"https:\/\/coria.org\/ayuntamiento\/index.php\/wp-json\/wp\/v2\/comments?post=61956"}],"version-history":[{"count":0,"href":"https:\/\/coria.org\/ayuntamiento\/index.php\/wp-json\/wp\/v2\/pages\/61956\/revisions"}],"wp:featuredmedia":[{"embeddable":true,"href":"https:\/\/coria.org\/ayuntamiento\/index.php\/wp-json\/wp\/v2\/media\/58189"}],"wp:attachment":[{"href":"https:\/\/coria.org\/ayuntamiento\/index.php\/wp-json\/wp\/v2\/media?parent=61956"}],"curies":[{"name":"wp","href":"https:\/\/api.w.org\/{rel}","templated":true}]}}