{"id":602,"date":"2020-03-14T11:46:59","date_gmt":"2020-03-14T10:46:59","guid":{"rendered":"https:\/\/beta.coriaenimagenes.com\/?page_id=602"},"modified":"2024-08-14T09:20:06","modified_gmt":"2024-08-14T07:20:06","slug":"coria-5","status":"publish","type":"page","link":"https:\/\/coria.org\/ayuntamiento\/index.php\/coria-5\/","title":{"rendered":"Coria"},"content":{"rendered":"\n<div class=\"wp-block-group alignwide is-layout-flow wp-block-group-is-layout-flow\">\n<p class=\"has-custom-secundario-5-background-color has-background\">La ciudad Coria se encuentra situada al noroeste de la provincia de C\u00e1ceres, en la Alta Extremadura, y se extiende sobre una peque\u00f1a planicie situada a 263 metros sobre el nivel del mar, en un escarpado desnivel de m\u00e1s de veinte metros que se abre al sur sobre el cauce del r\u00edo Alag\u00f3n. Enclave privilegiado pr\u00f3ximo a la Sierra de Gata y de Hurdes al norte, los valles del Ambroz, del Jerte y de la Vera al este, las tierras del Tajo al sur, y el vecino pa\u00eds de Portugal al oeste.<\/p>\n\n\n\n<figure class=\"wp-block-image alignwide size-full\"><img loading=\"lazy\" decoding=\"async\" width=\"1024\" height=\"684\" src=\"https:\/\/coria.org\/ayuntamiento\/wp-content\/uploads\/2024\/02\/Coria-Dehesa-Minguez.jpg\" alt=\"\" class=\"wp-image-58127\" srcset=\"https:\/\/coria.org\/ayuntamiento\/wp-content\/uploads\/2024\/02\/Coria-Dehesa-Minguez.jpg 1024w, https:\/\/coria.org\/ayuntamiento\/wp-content\/uploads\/2024\/02\/Coria-Dehesa-Minguez-300x200.jpg 300w, https:\/\/coria.org\/ayuntamiento\/wp-content\/uploads\/2024\/02\/Coria-Dehesa-Minguez-768x513.jpg 768w, https:\/\/coria.org\/ayuntamiento\/wp-content\/uploads\/2024\/02\/Coria-Dehesa-Minguez-391x260.jpg 391w\" sizes=\"auto, (max-width: 1024px) 100vw, 1024px\" \/><\/figure>\n\n\n\n<p>Su t\u00e9rmino municipal ocupa 103 km2 de superficie. Es una tierra de contrastes, con paisajes configurados por suaves montes de bosque y matorral mediterr\u00e1neo a lo largo del valle del Alag\u00f3n, dominado por campos agr\u00edcolas que determinan la principal fuente de riqueza de sus 13.366 habitantes. Una ciudad din\u00e1mica e hist\u00f3rica de la que dependen administrativamente las pedan\u00edas o poblados de colonizaci\u00f3n de Puebla de Argeme y Rinc\u00f3n del Obispo, configur\u00e1ndose como pueblos tranquilos y acogedores, de eminente car\u00e1cter rural.<\/p>\n\n\n\n<h4 class=\"wp-block-heading\"><strong>Comarca del Alag\u00f3n<\/strong><\/h4>\n\n\n\n<p>Adem\u00e1s, la ciudad de Coria, como cabeza de partido judicial, genera un \u00e1rea de influencia sobre los municipios de sus alrededores de menor tama\u00f1o, un total de 37 que suman una extensi\u00f3n de 2.323,9 Km2 y 52.885 habitantes, siendo el principal n\u00facleo residencial (viviendas unifamiliares y\/o plurifamiliares) y de servicios de la comarca: administrativo, judicial, sanitario, educativo, comercial, industrial, deportivo, cultural, tur\u00edstico y religioso fundamentalmente.<\/p>\n\n\n\n<p>Su climatolog\u00eda y la arteria fluvial que da vida y nombre a esta comarca extreme\u00f1a, condicionan el medio natural en que el aparecen bosques mediterr\u00e1neos adaptados a modelos equilibrados de dehesa, en M\u00ednguez o el Alto del Sierro, repletos de encinas, alcornoques, jaras, retamas y todo tipo de plantas arbustivas y arom\u00e1ticas que dan cobijo a la fauna cineg\u00e9tica y silvestre. Junto a ellos, frondosos bosques de ribera a base de chopos, alisos, sauces y \u00e1lamos pueblan las orillas del r\u00edo Alag\u00f3n, posibilitando un h\u00e1bitat natural de abrigo y sustento para una variada fauna acu\u00e1tica. Mientas que los cultivos de regad\u00edo, como el ma\u00edz, el tomate, el tabaco o las hortalizas, ocupan grandes extensiones de terreno limoso aluvial que son aprovechados para la transformaci\u00f3n industrial, sin que falten, por otro lado, los espacios dedicados al secano destinados, desde tiempo inmemorial, al cultivo de olivos y plantas forrajeras que son aprovechadas para el mantenimiento, especialmente, del ganado vacuno y ovino.<\/p>\n\n\n\n<h4 class=\"wp-block-heading\"><strong>Comunicaciones<\/strong><\/h4>\n\n\n\n<p>Por ende, el municipio dispone una buena red de comunicaciones por carreteras que permiten su conexi\u00f3n con el resto de provincias y comunidades auton\u00f3micas espa\u00f1olas, as\u00ed como con el pa\u00eds vecino de Portugal y con el resto de Europa. Accesos que se realizan, bien a trav\u00e9s de la EX-A1 (Navalmoral de la Mata-Portugal) que conecta con la A-5 o Autov\u00eda de Extremadura (Madrid-Lisboa), as\u00ed como por la A-66 o Autov\u00eda de la Ruta de la Plata (Gij\u00f3n-Plasencia-C\u00e1ceres-Sevilla) que enlaza con la EX-371 (Ca\u00f1averal-Coria) y por la A-62 o Autov\u00eda de Castilla (Guarda-Salamanca-Valladolid-Burgos) que enlaza con la EX-109 (Ciudad Rodrigo-Coria).<\/p>\n\n\n\n<h4 class=\"wp-block-heading\"><strong>Historia<\/strong><\/h4>\n\n\n\n<p>En definitiva, esta moderna ciudad que empez\u00f3 a caminar en la historia hace milenios sabiendo aglutinar su milenario pasado, cuyos recuerdos reposan silenciosamente sobre su vetusto Casco Hist\u00f3rico, es la que aguarda pacientemente a sus visitantes como n\u00facleo atractivo y floreciente que crece hoy con el paso del tiempo como enlace perfecto de pasado y porvenir a trav\u00e9s de un presente din\u00e1mico y emprendedor hasta el punto de convertirse en el principal destino tur\u00edstico del noroeste de Extremadura.<\/p>\n<\/div>\n\n\n\n<div style=\"height:50px\" aria-hidden=\"true\" class=\"wp-block-spacer\"><\/div>\n\n\n\n<div class=\"wp-block-group has-custom-secundario-3-background-color has-background is-layout-flow wp-block-group-is-layout-flow\">\n<div class=\"wp-block-group is-layout-flow wp-container-core-group-is-layout-2a668712 wp-block-group-is-layout-flow\" style=\"border-style:none;border-width:0px;border-radius:0px;min-height:0px;margin-top:0;margin-bottom:0;padding-top:0;padding-right:0;padding-bottom:0;padding-left:0\">\n<h3 class=\"wp-block-heading has-raft-bg-color has-text-color has-link-color wp-elements-e03ad12d288ee44077542b1526accdd6\" id=\"Corporacion\"><strong>Pedan\u00edas<\/strong><\/h3>\n<\/div>\n\n\n\n<div class=\"wp-block-columns is-layout-flex wp-container-core-columns-is-layout-28f84493 wp-block-columns-is-layout-flex\">\n<div class=\"wp-block-column is-layout-flow wp-block-column-is-layout-flow\">\n<h4 class=\"wp-block-heading has-custom-oro-ayto-color has-text-color has-link-color wp-elements-9a9a4b2fe2681f1ad63b23c524028984\"><a data-type=\"page\" data-id=\"611\" href=\"https:\/\/coria.org\/ayuntamiento\/index.php\/puebla-de-argeme\/\"><span style=\"color: #93810a;\" class=\"stk-highlight\"><strong>Puebla de Argeme<\/strong><\/span><\/a><\/h4>\n\n\n\n<div class=\"wp-block-stackable-divider stk-block-divider stk-block stk-fc3ac27\" data-block-id=\"fc3ac27\"><style>.stk-fc3ac27{margin-bottom:0px !important}.stk-fc3ac27 hr.stk-block-divider__hr{background:#93810a !important;height:2px !important;width:100% !important}<\/style><hr class=\"stk-block-divider__hr\"\/><\/div>\n\n\n\n<p>Puebla de Argeme es un n\u00facleo ped\u00e1neo separado de poblaci\u00f3n, integrado y dependiente administrativamente del municipio de Coria sito en plena provincia de C\u00e1ceres. Fue fundado en la d\u00e9cada de 1960 como poblado de colonizaci\u00f3n&#8230; <\/p>\n\n\n\n<div class=\"wp-block-stackable-icon stk-block-icon has-text-align-right stk-block stk-12a5dce\" data-block-id=\"12a5dce\"><a class=\"stk-link\" href=\"https:\/\/coria.org\/ayuntamiento\/index.php\/puebla-de-argeme\/\"><span class=\"stk--svg-wrapper\"><div class=\"stk--inner-svg\"><svg style=\"height:0;width:0\"><defs><linearGradient id=\"linear-gradient-12a5dce\" x1=\"0\" x2=\"100%\" y1=\"0\" y2=\"0\"><stop offset=\"0%\" style=\"stop-opacity:1;stop-color:var(--linear-gradient-12-a-5-dce-color-1)\"><\/stop><stop offset=\"100%\" style=\"stop-opacity:1;stop-color:var(--linear-gradient-12-a-5-dce-color-2)\"><\/stop><\/linearGradient><\/defs><\/svg><svg class=\"ugb-custom-icon w-[48px] h-[48px] text-gray-800 dark:text-white\" aria-hidden=\"true\" xmlns=\"http:\/\/www.w3.org\/2000\/svg\" fill=\"none\" viewBox=\"0 0 18 15\" width=\"32\" height=\"32\">\n    <path stroke=\"#93810A\" stroke-linecap=\"round\" stroke-linejoin=\"round\" stroke-width=\"1.9\" d=\"M1 7.5h11m0 0L8 3.786M12 7.5l-4 3.714M12 1h3c.53 0 1.04.196 1.414.544.375.348.586.82.586 1.313v9.286c0 .492-.21.965-.586 1.313A2.081 2.081 0 0 1 15 14h-3\"><\/path>\n  <\/svg><\/div><\/span><\/a><\/div>\n<\/div>\n\n\n\n<div class=\"wp-block-column is-layout-flow wp-block-column-is-layout-flow\">\n<h4 class=\"wp-block-heading has-custom-oro-ayto-color has-text-color has-link-color wp-elements-52e7bb9888d7e7bc2fb71be1d795a533\"><span style=\"color: #141f78;\" class=\"stk-highlight\"><a data-type=\"page\" data-id=\"617\" href=\"https:\/\/coria.org\/ayuntamiento\/index.php\/rincon-del-obispo\/\"><strong>Rinc\u00f3n del Obispo<\/strong><\/a><\/span><\/h4>\n\n\n\n<div class=\"wp-block-stackable-divider stk-block-divider stk-block stk-3923d41\" data-block-id=\"3923d41\"><style>.stk-3923d41{margin-bottom:0px !important}.stk-3923d41 hr.stk-block-divider__hr{background:#93810a !important;height:2px !important;width:100% !important}<\/style><hr class=\"stk-block-divider__hr\"\/><\/div>\n\n\n\n<p>IRinc\u00f3n del Obispo es otro n\u00facleo ped\u00e1neo separado de poblaci\u00f3n, integrado y dependiente administrativamente del municipio de Coria sito en plena provincia de C\u00e1ceres. Fue fundado en la d\u00e9cada de 1960 como poblado de colonizaci\u00f3n&#8230;<\/p>\n\n\n\n<div class=\"wp-block-stackable-icon stk-block-icon has-text-align-right stk-block stk-018ef9d\" data-block-id=\"018ef9d\"><a class=\"stk-link\" href=\"https:\/\/coria.org\/ayuntamiento\/index.php\/rincon-del-obispo\/\"><span class=\"stk--svg-wrapper\"><div class=\"stk--inner-svg\"><svg style=\"height:0;width:0\"><defs><linearGradient id=\"linear-gradient-018ef9d\" x1=\"0\" x2=\"100%\" y1=\"0\" y2=\"0\"><stop offset=\"0%\" style=\"stop-opacity:1;stop-color:var(--linear-gradient-018-ef-9-d-color-1)\"><\/stop><stop offset=\"100%\" style=\"stop-opacity:1;stop-color:var(--linear-gradient-018-ef-9-d-color-2)\"><\/stop><\/linearGradient><\/defs><\/svg><svg class=\"ugb-custom-icon w-[48px] h-[48px] text-gray-800 dark:text-white\" aria-hidden=\"true\" xmlns=\"http:\/\/www.w3.org\/2000\/svg\" fill=\"none\" viewBox=\"0 0 18 15\" width=\"32\" height=\"32\">\n    <path stroke=\"#93810A\" stroke-linecap=\"round\" stroke-linejoin=\"round\" stroke-width=\"1.9\" d=\"M1 7.5h11m0 0L8 3.786M12 7.5l-4 3.714M12 1h3c.53 0 1.04.196 1.414.544.375.348.586.82.586 1.313v9.286c0 .492-.21.965-.586 1.313A2.081 2.081 0 0 1 15 14h-3\"><\/path>\n  <\/svg><\/div><\/span><\/a><\/div>\n<\/div>\n<\/div>\n<\/div>\n","protected":false},"excerpt":{"rendered":"<p>La ciudad Coria se encuentra situada al noroeste de la provincia de C\u00e1ceres, en la Alta Extremadura, y se extiende sobre una peque\u00f1a planicie situada a 263 metros sobre el nivel del mar, en un escarpado desnivel de m\u00e1s de veinte metros que se abre al sur sobre el cauce del r\u00edo Alag\u00f3n. Enclave privilegiado [&hellip;]<\/p>\n","protected":false},"author":2,"featured_media":58117,"parent":0,"menu_order":0,"comment_status":"closed","ping_status":"closed","template":"","meta":{"_uag_custom_page_level_css":"","footnotes":""},"class_list":["post-602","page","type-page","status-publish","has-post-thumbnail","hentry"],"yoast_head":"<!-- This site is optimized with the Yoast SEO plugin v27.4 - https:\/\/yoast.com\/product\/yoast-seo-wordpress\/ -->\n<title>Coria - Ayuntamiento de Coria<\/title>\n<meta name=\"description\" content=\"La ciudad Coria se encuentra situada al noroeste de la provincia de C\u00e1ceres, en la Alta Extremadura, y se extiende sobre una peque\u00f1a planicie situada a 263 metros sobre el nivel del mar, en un escarpado desnivel de m\u00e1s de veinte metros que se abre al sur sobre el cauce del r\u00edo Alag\u00f3n. Enclave privilegiado pr\u00f3ximo a la Sierra de Gata y de Hurdes al norte, los valles del Ambroz, del Jerte y de la Vera al este, las tierras del Tajo al sur, y el vecino pa\u00eds de Portugal al oeste.\" \/>\n<meta name=\"robots\" content=\"index, follow, max-snippet:-1, max-image-preview:large, max-video-preview:-1\" \/>\n<link rel=\"canonical\" href=\"https:\/\/coria.org\/ayuntamiento\/index.php\/coria-5\/\" \/>\n<meta property=\"og:locale\" content=\"es_ES\" \/>\n<meta property=\"og:type\" content=\"article\" \/>\n<meta property=\"og:title\" content=\"Coria - Ayuntamiento de Coria\" \/>\n<meta property=\"og:description\" content=\"La ciudad Coria se encuentra situada al noroeste de la provincia de C\u00e1ceres, en la Alta Extremadura, y se extiende sobre una peque\u00f1a planicie situada a 263 metros sobre el nivel del mar, en un escarpado desnivel de m\u00e1s de veinte metros que se abre al sur sobre el cauce del r\u00edo Alag\u00f3n. Enclave privilegiado pr\u00f3ximo a la Sierra de Gata y de Hurdes al norte, los valles del Ambroz, del Jerte y de la Vera al este, las tierras del Tajo al sur, y el vecino pa\u00eds de Portugal al oeste.\" \/>\n<meta property=\"og:url\" content=\"https:\/\/coria.org\/ayuntamiento\/index.php\/coria-5\/\" \/>\n<meta property=\"og:site_name\" content=\"Ayuntamiento de Coria\" \/>\n<meta property=\"article:publisher\" content=\"https:\/\/www.facebook.com\/Ayuntamiento.de.Coria\" \/>\n<meta property=\"article:modified_time\" content=\"2024-08-14T07:20:06+00:00\" \/>\n<meta property=\"og:image\" content=\"https:\/\/coria.org\/ayuntamiento\/wp-content\/uploads\/2024\/02\/coria-casho-historico.jpg\" \/>\n\t<meta property=\"og:image:width\" content=\"1019\" \/>\n\t<meta property=\"og:image:height\" content=\"377\" \/>\n\t<meta property=\"og:image:type\" content=\"image\/jpeg\" \/>\n<meta name=\"twitter:card\" content=\"summary_large_image\" \/>\n<meta name=\"twitter:site\" content=\"@Ayto_de_Coria\" \/>\n<meta name=\"twitter:label1\" content=\"Tiempo de lectura\" \/>\n\t<meta name=\"twitter:data1\" content=\"4 minutos\" \/>\n<script type=\"application\/ld+json\" class=\"yoast-schema-graph\">{\"@context\":\"https:\\\/\\\/schema.org\",\"@graph\":[{\"@type\":\"WebPage\",\"@id\":\"https:\\\/\\\/coria.org\\\/ayuntamiento\\\/index.php\\\/coria-5\\\/\",\"url\":\"https:\\\/\\\/coria.org\\\/ayuntamiento\\\/index.php\\\/coria-5\\\/\",\"name\":\"Coria - Ayuntamiento de Coria\",\"isPartOf\":{\"@id\":\"https:\\\/\\\/coria.org\\\/ayuntamiento\\\/#website\"},\"primaryImageOfPage\":{\"@id\":\"https:\\\/\\\/coria.org\\\/ayuntamiento\\\/index.php\\\/coria-5\\\/#primaryimage\"},\"image\":{\"@id\":\"https:\\\/\\\/coria.org\\\/ayuntamiento\\\/index.php\\\/coria-5\\\/#primaryimage\"},\"thumbnailUrl\":\"https:\\\/\\\/coria.org\\\/ayuntamiento\\\/wp-content\\\/uploads\\\/2024\\\/02\\\/coria-casho-historico.jpg\",\"datePublished\":\"2020-03-14T10:46:59+00:00\",\"dateModified\":\"2024-08-14T07:20:06+00:00\",\"description\":\"La ciudad Coria se encuentra situada al noroeste de la provincia de C\u00e1ceres, en la Alta Extremadura, y se extiende sobre una peque\u00f1a planicie situada a 263 metros sobre el nivel del mar, en un escarpado desnivel de m\u00e1s de veinte metros que se abre al sur sobre el cauce del r\u00edo Alag\u00f3n. Enclave privilegiado pr\u00f3ximo a la Sierra de Gata y de Hurdes al norte, los valles del Ambroz, del Jerte y de la Vera al este, las tierras del Tajo al sur, y el vecino pa\u00eds de Portugal al oeste.\",\"breadcrumb\":{\"@id\":\"https:\\\/\\\/coria.org\\\/ayuntamiento\\\/index.php\\\/coria-5\\\/#breadcrumb\"},\"inLanguage\":\"es\",\"potentialAction\":[{\"@type\":\"ReadAction\",\"target\":[\"https:\\\/\\\/coria.org\\\/ayuntamiento\\\/index.php\\\/coria-5\\\/\"]}]},{\"@type\":\"ImageObject\",\"inLanguage\":\"es\",\"@id\":\"https:\\\/\\\/coria.org\\\/ayuntamiento\\\/index.php\\\/coria-5\\\/#primaryimage\",\"url\":\"https:\\\/\\\/coria.org\\\/ayuntamiento\\\/wp-content\\\/uploads\\\/2024\\\/02\\\/coria-casho-historico.jpg\",\"contentUrl\":\"https:\\\/\\\/coria.org\\\/ayuntamiento\\\/wp-content\\\/uploads\\\/2024\\\/02\\\/coria-casho-historico.jpg\",\"width\":1019,\"height\":377},{\"@type\":\"BreadcrumbList\",\"@id\":\"https:\\\/\\\/coria.org\\\/ayuntamiento\\\/index.php\\\/coria-5\\\/#breadcrumb\",\"itemListElement\":[{\"@type\":\"ListItem\",\"position\":1,\"name\":\"Inicio\",\"item\":\"https:\\\/\\\/coria.org\\\/ayuntamiento\\\/\"},{\"@type\":\"ListItem\",\"position\":2,\"name\":\"Coria\"}]},{\"@type\":\"WebSite\",\"@id\":\"https:\\\/\\\/coria.org\\\/ayuntamiento\\\/#website\",\"url\":\"https:\\\/\\\/coria.org\\\/ayuntamiento\\\/\",\"name\":\"Ayuntamiento de Coria\",\"description\":\"Web oficial del Ayuntamiento de Coria\",\"publisher\":{\"@id\":\"https:\\\/\\\/coria.org\\\/ayuntamiento\\\/#organization\"},\"alternateName\":\"Web Oficial del Ayuntamiento de Coria\",\"potentialAction\":[{\"@type\":\"SearchAction\",\"target\":{\"@type\":\"EntryPoint\",\"urlTemplate\":\"https:\\\/\\\/coria.org\\\/ayuntamiento\\\/?s={search_term_string}\"},\"query-input\":{\"@type\":\"PropertyValueSpecification\",\"valueRequired\":true,\"valueName\":\"search_term_string\"}}],\"inLanguage\":\"es\"},{\"@type\":\"Organization\",\"@id\":\"https:\\\/\\\/coria.org\\\/ayuntamiento\\\/#organization\",\"name\":\"Ayuntamiento de Coria\",\"alternateName\":\"Ayto de Coria\",\"url\":\"https:\\\/\\\/coria.org\\\/ayuntamiento\\\/\",\"logo\":{\"@type\":\"ImageObject\",\"inLanguage\":\"es\",\"@id\":\"https:\\\/\\\/coria.org\\\/ayuntamiento\\\/#\\\/schema\\\/logo\\\/image\\\/\",\"url\":\"https:\\\/\\\/coria.org\\\/ayuntamiento\\\/wp-content\\\/uploads\\\/2020\\\/12\\\/escudo-ayuntamiento-coria.png\",\"contentUrl\":\"https:\\\/\\\/coria.org\\\/ayuntamiento\\\/wp-content\\\/uploads\\\/2020\\\/12\\\/escudo-ayuntamiento-coria.png\",\"width\":511,\"height\":240,\"caption\":\"Ayuntamiento de Coria\"},\"image\":{\"@id\":\"https:\\\/\\\/coria.org\\\/ayuntamiento\\\/#\\\/schema\\\/logo\\\/image\\\/\"},\"sameAs\":[\"https:\\\/\\\/www.facebook.com\\\/Ayuntamiento.de.Coria\",\"https:\\\/\\\/x.com\\\/Ayto_de_Coria\",\"https:\\\/\\\/www.instagram.com\\\/coria.ayuntamiento\\\/\",\"https:\\\/\\\/www.youtube.com\\\/user\\\/AYUNTAMIENTOCORIA\"]}]}<\/script>\n<!-- \/ Yoast SEO plugin. -->","yoast_head_json":{"title":"Coria - Ayuntamiento de Coria","description":"La ciudad Coria se encuentra situada al noroeste de la provincia de C\u00e1ceres, en la Alta Extremadura, y se extiende sobre una peque\u00f1a planicie situada a 263 metros sobre el nivel del mar, en un escarpado desnivel de m\u00e1s de veinte metros que se abre al sur sobre el cauce del r\u00edo Alag\u00f3n. Enclave privilegiado pr\u00f3ximo a la Sierra de Gata y de Hurdes al norte, los valles del Ambroz, del Jerte y de la Vera al este, las tierras del Tajo al sur, y el vecino pa\u00eds de Portugal al oeste.","robots":{"index":"index","follow":"follow","max-snippet":"max-snippet:-1","max-image-preview":"max-image-preview:large","max-video-preview":"max-video-preview:-1"},"canonical":"https:\/\/coria.org\/ayuntamiento\/index.php\/coria-5\/","og_locale":"es_ES","og_type":"article","og_title":"Coria - Ayuntamiento de Coria","og_description":"La ciudad Coria se encuentra situada al noroeste de la provincia de C\u00e1ceres, en la Alta Extremadura, y se extiende sobre una peque\u00f1a planicie situada a 263 metros sobre el nivel del mar, en un escarpado desnivel de m\u00e1s de veinte metros que se abre al sur sobre el cauce del r\u00edo Alag\u00f3n. Enclave privilegiado pr\u00f3ximo a la Sierra de Gata y de Hurdes al norte, los valles del Ambroz, del Jerte y de la Vera al este, las tierras del Tajo al sur, y el vecino pa\u00eds de Portugal al oeste.","og_url":"https:\/\/coria.org\/ayuntamiento\/index.php\/coria-5\/","og_site_name":"Ayuntamiento de Coria","article_publisher":"https:\/\/www.facebook.com\/Ayuntamiento.de.Coria","article_modified_time":"2024-08-14T07:20:06+00:00","og_image":[{"width":1019,"height":377,"url":"https:\/\/coria.org\/ayuntamiento\/wp-content\/uploads\/2024\/02\/coria-casho-historico.jpg","type":"image\/jpeg"}],"twitter_card":"summary_large_image","twitter_site":"@Ayto_de_Coria","twitter_misc":{"Tiempo de lectura":"4 minutos"},"schema":{"@context":"https:\/\/schema.org","@graph":[{"@type":"WebPage","@id":"https:\/\/coria.org\/ayuntamiento\/index.php\/coria-5\/","url":"https:\/\/coria.org\/ayuntamiento\/index.php\/coria-5\/","name":"Coria - Ayuntamiento de Coria","isPartOf":{"@id":"https:\/\/coria.org\/ayuntamiento\/#website"},"primaryImageOfPage":{"@id":"https:\/\/coria.org\/ayuntamiento\/index.php\/coria-5\/#primaryimage"},"image":{"@id":"https:\/\/coria.org\/ayuntamiento\/index.php\/coria-5\/#primaryimage"},"thumbnailUrl":"https:\/\/coria.org\/ayuntamiento\/wp-content\/uploads\/2024\/02\/coria-casho-historico.jpg","datePublished":"2020-03-14T10:46:59+00:00","dateModified":"2024-08-14T07:20:06+00:00","description":"La ciudad Coria se encuentra situada al noroeste de la provincia de C\u00e1ceres, en la Alta Extremadura, y se extiende sobre una peque\u00f1a planicie situada a 263 metros sobre el nivel del mar, en un escarpado desnivel de m\u00e1s de veinte metros que se abre al sur sobre el cauce del r\u00edo Alag\u00f3n. Enclave privilegiado pr\u00f3ximo a la Sierra de Gata y de Hurdes al norte, los valles del Ambroz, del Jerte y de la Vera al este, las tierras del Tajo al sur, y el vecino pa\u00eds de Portugal al oeste.","breadcrumb":{"@id":"https:\/\/coria.org\/ayuntamiento\/index.php\/coria-5\/#breadcrumb"},"inLanguage":"es","potentialAction":[{"@type":"ReadAction","target":["https:\/\/coria.org\/ayuntamiento\/index.php\/coria-5\/"]}]},{"@type":"ImageObject","inLanguage":"es","@id":"https:\/\/coria.org\/ayuntamiento\/index.php\/coria-5\/#primaryimage","url":"https:\/\/coria.org\/ayuntamiento\/wp-content\/uploads\/2024\/02\/coria-casho-historico.jpg","contentUrl":"https:\/\/coria.org\/ayuntamiento\/wp-content\/uploads\/2024\/02\/coria-casho-historico.jpg","width":1019,"height":377},{"@type":"BreadcrumbList","@id":"https:\/\/coria.org\/ayuntamiento\/index.php\/coria-5\/#breadcrumb","itemListElement":[{"@type":"ListItem","position":1,"name":"Inicio","item":"https:\/\/coria.org\/ayuntamiento\/"},{"@type":"ListItem","position":2,"name":"Coria"}]},{"@type":"WebSite","@id":"https:\/\/coria.org\/ayuntamiento\/#website","url":"https:\/\/coria.org\/ayuntamiento\/","name":"Ayuntamiento de Coria","description":"Web oficial del Ayuntamiento de Coria","publisher":{"@id":"https:\/\/coria.org\/ayuntamiento\/#organization"},"alternateName":"Web Oficial del Ayuntamiento de Coria","potentialAction":[{"@type":"SearchAction","target":{"@type":"EntryPoint","urlTemplate":"https:\/\/coria.org\/ayuntamiento\/?s={search_term_string}"},"query-input":{"@type":"PropertyValueSpecification","valueRequired":true,"valueName":"search_term_string"}}],"inLanguage":"es"},{"@type":"Organization","@id":"https:\/\/coria.org\/ayuntamiento\/#organization","name":"Ayuntamiento de Coria","alternateName":"Ayto de Coria","url":"https:\/\/coria.org\/ayuntamiento\/","logo":{"@type":"ImageObject","inLanguage":"es","@id":"https:\/\/coria.org\/ayuntamiento\/#\/schema\/logo\/image\/","url":"https:\/\/coria.org\/ayuntamiento\/wp-content\/uploads\/2020\/12\/escudo-ayuntamiento-coria.png","contentUrl":"https:\/\/coria.org\/ayuntamiento\/wp-content\/uploads\/2020\/12\/escudo-ayuntamiento-coria.png","width":511,"height":240,"caption":"Ayuntamiento de Coria"},"image":{"@id":"https:\/\/coria.org\/ayuntamiento\/#\/schema\/logo\/image\/"},"sameAs":["https:\/\/www.facebook.com\/Ayuntamiento.de.Coria","https:\/\/x.com\/Ayto_de_Coria","https:\/\/www.instagram.com\/coria.ayuntamiento\/","https:\/\/www.youtube.com\/user\/AYUNTAMIENTOCORIA"]}]}},"uagb_featured_image_src":{"full":["https:\/\/coria.org\/ayuntamiento\/wp-content\/uploads\/2024\/02\/coria-casho-historico.jpg",1019,377,false],"thumbnail":["https:\/\/coria.org\/ayuntamiento\/wp-content\/uploads\/2024\/02\/coria-casho-historico-150x150.jpg",150,150,true],"medium":["https:\/\/coria.org\/ayuntamiento\/wp-content\/uploads\/2024\/02\/coria-casho-historico-300x111.jpg",300,111,true],"medium_large":["https:\/\/coria.org\/ayuntamiento\/wp-content\/uploads\/2024\/02\/coria-casho-historico-768x284.jpg",768,284,true],"large":["https:\/\/coria.org\/ayuntamiento\/wp-content\/uploads\/2024\/02\/coria-casho-historico.jpg",1019,377,false],"thumblist":["https:\/\/coria.org\/ayuntamiento\/wp-content\/uploads\/2024\/02\/coria-casho-historico-300x300.jpg",300,300,true],"thumbrelated":["https:\/\/coria.org\/ayuntamiento\/wp-content\/uploads\/2024\/02\/coria-casho-historico-500x377.jpg",500,377,true],"meccarouselthumb":["https:\/\/coria.org\/ayuntamiento\/wp-content\/uploads\/2024\/02\/coria-casho-historico-474x324.jpg",474,324,true],"gridsquare":["https:\/\/coria.org\/ayuntamiento\/wp-content\/uploads\/2024\/02\/coria-casho-historico-391x260.jpg",391,260,true],"tileview":["https:\/\/coria.org\/ayuntamiento\/wp-content\/uploads\/2024\/02\/coria-casho-historico-300x377.jpg",300,377,true],"1536x1536":["https:\/\/coria.org\/ayuntamiento\/wp-content\/uploads\/2024\/02\/coria-casho-historico.jpg",1019,377,false],"2048x2048":["https:\/\/coria.org\/ayuntamiento\/wp-content\/uploads\/2024\/02\/coria-casho-historico.jpg",1019,377,false]},"uagb_author_info":{"display_name":"ayuntamiento","author_link":"https:\/\/coria.org\/ayuntamiento\/index.php\/author\/ayuntamiento\/"},"uagb_comment_info":0,"uagb_excerpt":"La ciudad Coria se encuentra situada al noroeste de la provincia de C\u00e1ceres, en la Alta Extremadura, y se extiende sobre una peque\u00f1a planicie situada a 263 metros sobre el nivel del mar, en un escarpado desnivel de m\u00e1s de veinte metros que se abre al sur sobre el cauce del r\u00edo Alag\u00f3n. Enclave privilegiado&hellip;","_links":{"self":[{"href":"https:\/\/coria.org\/ayuntamiento\/index.php\/wp-json\/wp\/v2\/pages\/602","targetHints":{"allow":["GET"]}}],"collection":[{"href":"https:\/\/coria.org\/ayuntamiento\/index.php\/wp-json\/wp\/v2\/pages"}],"about":[{"href":"https:\/\/coria.org\/ayuntamiento\/index.php\/wp-json\/wp\/v2\/types\/page"}],"author":[{"embeddable":true,"href":"https:\/\/coria.org\/ayuntamiento\/index.php\/wp-json\/wp\/v2\/users\/2"}],"replies":[{"embeddable":true,"href":"https:\/\/coria.org\/ayuntamiento\/index.php\/wp-json\/wp\/v2\/comments?post=602"}],"version-history":[{"count":0,"href":"https:\/\/coria.org\/ayuntamiento\/index.php\/wp-json\/wp\/v2\/pages\/602\/revisions"}],"wp:featuredmedia":[{"embeddable":true,"href":"https:\/\/coria.org\/ayuntamiento\/index.php\/wp-json\/wp\/v2\/media\/58117"}],"wp:attachment":[{"href":"https:\/\/coria.org\/ayuntamiento\/index.php\/wp-json\/wp\/v2\/media?parent=602"}],"curies":[{"name":"wp","href":"https:\/\/api.w.org\/{rel}","templated":true}]}}