{"id":58103,"date":"2024-02-06T10:42:47","date_gmt":"2024-02-06T09:42:47","guid":{"rendered":"https:\/\/turismocoria.es\/importacion\/?page_id=58103"},"modified":"2024-08-14T12:31:09","modified_gmt":"2024-08-14T10:31:09","slug":"horario-para-el-deposito-de-residuos-urbanos","status":"publish","type":"page","link":"https:\/\/coria.org\/ayuntamiento\/index.php\/horario-para-el-deposito-de-residuos-urbanos\/","title":{"rendered":"Horario para el dep\u00f3sito de residuos urbanos"},"content":{"rendered":"\n<div class=\"wp-block-columns alignwide is-layout-flex wp-container-core-columns-is-layout-d2da2050 wp-block-columns-is-layout-flex\" style=\"margin-bottom:0\">\n<div class=\"wp-block-column has-custom-secundario-6-background-color has-text-color has-background has-link-color wp-elements-4b7018770fd70c627d7e3837bc17d0df is-layout-flow wp-block-column-is-layout-flow\" style=\"color:#000000;padding-top:2em;padding-right:2em;padding-bottom:2em;padding-left:2em\">\n<h2 class=\"wp-block-heading has-black-color has-text-color has-link-color wp-elements-6836d313b0459a9d11793f57da2ec56e\" id=\"single\" style=\"font-size:clamp(24.034px, 1.502rem + ((1vw - 3.2px) * 1.663), 40px);\"><strong>Horario<\/strong><\/h2>\n\n\n\n<hr class=\"wp-block-separator has-text-color has-custom-gris-1-ayto-color has-alpha-channel-opacity has-custom-gris-1-ayto-background-color has-background is-style-wide\"\/>\n\n\n\n<p><strong>Basuras org\u00e1nicas<\/strong>:<\/p>\n\n\n\n<ul class=\"wp-block-list\">\n<li>Verano, de 21:00 a 06:00 horas, desde el 1 de mayo al 30 de septiembre.<\/li>\n\n\n\n<li>Invierno, de 19:00 a 06:00 horas, desde el 1 de octubre al 30 de abril.<\/li>\n\n\n\n<li>No se podr\u00e1n depositar estas basuras los s\u00e1bados y v\u00edsperas de festivos.<\/li>\n<\/ul>\n\n\n\n<p><strong>Muebles y otros enseres<\/strong>: <\/p>\n\n\n\n<ul class=\"wp-block-list\">\n<li>Mismo horario anterior pero s\u00f3lo en los d\u00edas, los d\u00edas 1 y 15 de cada mes. Si estos d\u00edas coincidieran con v\u00edsperas de festivo, se depositar\u00e1n el mismo d\u00eda de la fiesta.<\/li>\n<\/ul>\n\n\n\n<p><strong>Residuos para recipientes de reciclado<\/strong>: <\/p>\n\n\n\n<ul class=\"wp-block-list\">\n<li>Dep\u00f3sito en cualquier momento.<\/li>\n<\/ul>\n\n\n\n<p><strong>Restos de poda y peque\u00f1os escombros<\/strong>: <\/p>\n\n\n\n<ul class=\"wp-block-list\">\n<li>Dep\u00f3sito en cualquier momento en los \u201cpuntos limpios abiertos\u201d habilitados a la salida de la poblaci\u00f3n.<\/li>\n<\/ul>\n<\/div>\n\n\n\n<div class=\"wp-block-column has-custom-secundario-3-background-color has-text-color has-background has-link-color wp-elements-d56fa13cd766a3f31e47009b32d426ec is-layout-flow wp-block-column-is-layout-flow\" style=\"color:#000000;padding-top:2em;padding-right:2em;padding-bottom:2em;padding-left:2em\">\n<h2 class=\"wp-block-heading has-contrast-color has-text-color has-link-color wp-elements-454b6516fd20f8c4474fe0e6b03de25a\" id=\"family\" style=\"font-size:clamp(24.034px, 1.502rem + ((1vw - 3.2px) * 1.663), 40px);\"><strong>Reciclado y formas de dep\u00f3sito<\/strong><\/h2>\n\n\n\n<hr class=\"wp-block-separator has-text-color has-custom-gris-1-ayto-color has-alpha-channel-opacity has-custom-gris-1-ayto-background-color has-background is-style-wide\"\/>\n\n\n\n<ol class=\"wp-block-list\">\n<li>Las basuras org\u00e1nicas se depositar\u00e1n en bolsas cerradas en sus contenedores.<\/li>\n\n\n\n<li>Los residuos de papel y cart\u00f3n se depositar\u00e1n en los contenedores azules.<\/li>\n\n\n\n<li>Los pl\u00e1sticos y envases ligeros se depositar\u00e1n en los amarillos.<\/li>\n\n\n\n<li>Los residuos del vidrio se depositar\u00e1n en los contenedores verdes.<\/li>\n\n\n\n<li>Los muebles y otros enseres se depositar\u00e1n junto a los contenedores.<\/li>\n\n\n\n<li>Los recipientes de aceite usado, se depositar\u00e1n en los contenedores naranja.<\/li>\n\n\n\n<li>Los medicamentos sobrantes se llevar\u00e1n a los dep\u00f3sitos de las farmacias.<\/li>\n\n\n\n<li>Animales dom\u00e9sticos muertos, contactar con los servicios municipales.<\/li>\n<\/ol>\n\n\n\n<p>En caso de encontrarse saturado alguno de los recipientes, el dep\u00f3sito se efectuar\u00e1 en los m\u00e1s cercanos, sin que por este motivo puedan quedarse fuera de los contenedores correspondientes.<\/p>\n\n\n\n<p>No se permite arrojar escombros aunque sean de poca entidad ni restos de poda en los contenedores, dado que esta pr\u00e1ctica, atasca el sistema de compactado del cami\u00f3n de recogida.<\/p>\n<\/div>\n<\/div>\n\n\n\n<p>Para una ordenada convivencia, es necesaria la colaboraci\u00f3n de toda la ciudadan\u00eda.<\/p>\n","protected":false},"excerpt":{"rendered":"<p>Horario Basuras org\u00e1nicas: Muebles y otros enseres: Residuos para recipientes de reciclado: Restos de poda y peque\u00f1os escombros: Reciclado y formas de dep\u00f3sito En caso de encontrarse saturado alguno de los recipientes, el dep\u00f3sito se efectuar\u00e1 en los m\u00e1s cercanos, sin que por este motivo puedan quedarse fuera de los contenedores correspondientes. No se permite [&hellip;]<\/p>\n","protected":false},"author":2,"featured_media":37795,"parent":0,"menu_order":0,"comment_status":"closed","ping_status":"closed","template":"","meta":{"_uag_custom_page_level_css":"","footnotes":""},"class_list":["post-58103","page","type-page","status-publish","has-post-thumbnail","hentry"],"yoast_head":"<!-- This site is optimized with the Yoast SEO plugin v27.4 - https:\/\/yoast.com\/product\/yoast-seo-wordpress\/ -->\n<title>Horario para el dep\u00f3sito de residuos urbanos - Ayuntamiento de Coria<\/title>\n<meta name=\"description\" content=\"Horario para el dep\u00f3sito de residuos urbanos en Coria e indicaciones de reciclado y formas de dep\u00f3sito.\" \/>\n<meta name=\"robots\" content=\"index, follow, max-snippet:-1, max-image-preview:large, max-video-preview:-1\" \/>\n<link rel=\"canonical\" href=\"https:\/\/coria.org\/ayuntamiento\/index.php\/horario-para-el-deposito-de-residuos-urbanos\/\" \/>\n<meta property=\"og:locale\" content=\"es_ES\" \/>\n<meta property=\"og:type\" content=\"article\" \/>\n<meta property=\"og:title\" content=\"Horario para el dep\u00f3sito de residuos urbanos - Ayuntamiento de Coria\" \/>\n<meta property=\"og:description\" content=\"Horario para el dep\u00f3sito de residuos urbanos en Coria e indicaciones de reciclado y formas de dep\u00f3sito.\" \/>\n<meta property=\"og:url\" content=\"https:\/\/coria.org\/ayuntamiento\/index.php\/horario-para-el-deposito-de-residuos-urbanos\/\" \/>\n<meta property=\"og:site_name\" content=\"Ayuntamiento de Coria\" \/>\n<meta property=\"article:publisher\" content=\"https:\/\/www.facebook.com\/Ayuntamiento.de.Coria\" \/>\n<meta property=\"article:modified_time\" content=\"2024-08-14T10:31:09+00:00\" \/>\n<meta property=\"og:image\" content=\"https:\/\/coria.org\/ayuntamiento\/wp-content\/uploads\/2022\/07\/PHOTO-2022-07-06-13-00-16.jpg\" \/>\n\t<meta property=\"og:image:width\" content=\"1600\" \/>\n\t<meta property=\"og:image:height\" content=\"1200\" \/>\n\t<meta property=\"og:image:type\" content=\"image\/jpeg\" \/>\n<meta name=\"twitter:card\" content=\"summary_large_image\" \/>\n<meta name=\"twitter:site\" content=\"@Ayto_de_Coria\" \/>\n<meta name=\"twitter:label1\" content=\"Tiempo de lectura\" \/>\n\t<meta name=\"twitter:data1\" content=\"2 minutos\" \/>\n<script type=\"application\/ld+json\" class=\"yoast-schema-graph\">{\"@context\":\"https:\\\/\\\/schema.org\",\"@graph\":[{\"@type\":\"WebPage\",\"@id\":\"https:\\\/\\\/coria.org\\\/ayuntamiento\\\/index.php\\\/horario-para-el-deposito-de-residuos-urbanos\\\/\",\"url\":\"https:\\\/\\\/coria.org\\\/ayuntamiento\\\/index.php\\\/horario-para-el-deposito-de-residuos-urbanos\\\/\",\"name\":\"Horario para el dep\u00f3sito de residuos urbanos - Ayuntamiento de Coria\",\"isPartOf\":{\"@id\":\"https:\\\/\\\/coria.org\\\/ayuntamiento\\\/#website\"},\"primaryImageOfPage\":{\"@id\":\"https:\\\/\\\/coria.org\\\/ayuntamiento\\\/index.php\\\/horario-para-el-deposito-de-residuos-urbanos\\\/#primaryimage\"},\"image\":{\"@id\":\"https:\\\/\\\/coria.org\\\/ayuntamiento\\\/index.php\\\/horario-para-el-deposito-de-residuos-urbanos\\\/#primaryimage\"},\"thumbnailUrl\":\"https:\\\/\\\/coria.org\\\/ayuntamiento\\\/wp-content\\\/uploads\\\/2022\\\/07\\\/PHOTO-2022-07-06-13-00-16.jpg\",\"datePublished\":\"2024-02-06T09:42:47+00:00\",\"dateModified\":\"2024-08-14T10:31:09+00:00\",\"description\":\"Horario para el dep\u00f3sito de residuos urbanos en Coria e indicaciones de reciclado y formas de dep\u00f3sito.\",\"breadcrumb\":{\"@id\":\"https:\\\/\\\/coria.org\\\/ayuntamiento\\\/index.php\\\/horario-para-el-deposito-de-residuos-urbanos\\\/#breadcrumb\"},\"inLanguage\":\"es\",\"potentialAction\":[{\"@type\":\"ReadAction\",\"target\":[\"https:\\\/\\\/coria.org\\\/ayuntamiento\\\/index.php\\\/horario-para-el-deposito-de-residuos-urbanos\\\/\"]}]},{\"@type\":\"ImageObject\",\"inLanguage\":\"es\",\"@id\":\"https:\\\/\\\/coria.org\\\/ayuntamiento\\\/index.php\\\/horario-para-el-deposito-de-residuos-urbanos\\\/#primaryimage\",\"url\":\"https:\\\/\\\/coria.org\\\/ayuntamiento\\\/wp-content\\\/uploads\\\/2022\\\/07\\\/PHOTO-2022-07-06-13-00-16.jpg\",\"contentUrl\":\"https:\\\/\\\/coria.org\\\/ayuntamiento\\\/wp-content\\\/uploads\\\/2022\\\/07\\\/PHOTO-2022-07-06-13-00-16.jpg\",\"width\":1600,\"height\":1200},{\"@type\":\"BreadcrumbList\",\"@id\":\"https:\\\/\\\/coria.org\\\/ayuntamiento\\\/index.php\\\/horario-para-el-deposito-de-residuos-urbanos\\\/#breadcrumb\",\"itemListElement\":[{\"@type\":\"ListItem\",\"position\":1,\"name\":\"Inicio\",\"item\":\"https:\\\/\\\/coria.org\\\/ayuntamiento\\\/\"},{\"@type\":\"ListItem\",\"position\":2,\"name\":\"Horario para el dep\u00f3sito de residuos urbanos\"}]},{\"@type\":\"WebSite\",\"@id\":\"https:\\\/\\\/coria.org\\\/ayuntamiento\\\/#website\",\"url\":\"https:\\\/\\\/coria.org\\\/ayuntamiento\\\/\",\"name\":\"Ayuntamiento de Coria\",\"description\":\"Web oficial del Ayuntamiento de Coria\",\"publisher\":{\"@id\":\"https:\\\/\\\/coria.org\\\/ayuntamiento\\\/#organization\"},\"alternateName\":\"Web Oficial del Ayuntamiento de Coria\",\"potentialAction\":[{\"@type\":\"SearchAction\",\"target\":{\"@type\":\"EntryPoint\",\"urlTemplate\":\"https:\\\/\\\/coria.org\\\/ayuntamiento\\\/?s={search_term_string}\"},\"query-input\":{\"@type\":\"PropertyValueSpecification\",\"valueRequired\":true,\"valueName\":\"search_term_string\"}}],\"inLanguage\":\"es\"},{\"@type\":\"Organization\",\"@id\":\"https:\\\/\\\/coria.org\\\/ayuntamiento\\\/#organization\",\"name\":\"Ayuntamiento de Coria\",\"alternateName\":\"Ayto de Coria\",\"url\":\"https:\\\/\\\/coria.org\\\/ayuntamiento\\\/\",\"logo\":{\"@type\":\"ImageObject\",\"inLanguage\":\"es\",\"@id\":\"https:\\\/\\\/coria.org\\\/ayuntamiento\\\/#\\\/schema\\\/logo\\\/image\\\/\",\"url\":\"https:\\\/\\\/coria.org\\\/ayuntamiento\\\/wp-content\\\/uploads\\\/2020\\\/12\\\/escudo-ayuntamiento-coria.png\",\"contentUrl\":\"https:\\\/\\\/coria.org\\\/ayuntamiento\\\/wp-content\\\/uploads\\\/2020\\\/12\\\/escudo-ayuntamiento-coria.png\",\"width\":511,\"height\":240,\"caption\":\"Ayuntamiento de Coria\"},\"image\":{\"@id\":\"https:\\\/\\\/coria.org\\\/ayuntamiento\\\/#\\\/schema\\\/logo\\\/image\\\/\"},\"sameAs\":[\"https:\\\/\\\/www.facebook.com\\\/Ayuntamiento.de.Coria\",\"https:\\\/\\\/x.com\\\/Ayto_de_Coria\",\"https:\\\/\\\/www.instagram.com\\\/coria.ayuntamiento\\\/\",\"https:\\\/\\\/www.youtube.com\\\/user\\\/AYUNTAMIENTOCORIA\"]}]}<\/script>\n<!-- \/ Yoast SEO plugin. -->","yoast_head_json":{"title":"Horario para el dep\u00f3sito de residuos urbanos - Ayuntamiento de Coria","description":"Horario para el dep\u00f3sito de residuos urbanos en Coria e indicaciones de reciclado y formas de dep\u00f3sito.","robots":{"index":"index","follow":"follow","max-snippet":"max-snippet:-1","max-image-preview":"max-image-preview:large","max-video-preview":"max-video-preview:-1"},"canonical":"https:\/\/coria.org\/ayuntamiento\/index.php\/horario-para-el-deposito-de-residuos-urbanos\/","og_locale":"es_ES","og_type":"article","og_title":"Horario para el dep\u00f3sito de residuos urbanos - Ayuntamiento de Coria","og_description":"Horario para el dep\u00f3sito de residuos urbanos en Coria e indicaciones de reciclado y formas de dep\u00f3sito.","og_url":"https:\/\/coria.org\/ayuntamiento\/index.php\/horario-para-el-deposito-de-residuos-urbanos\/","og_site_name":"Ayuntamiento de Coria","article_publisher":"https:\/\/www.facebook.com\/Ayuntamiento.de.Coria","article_modified_time":"2024-08-14T10:31:09+00:00","og_image":[{"width":1600,"height":1200,"url":"https:\/\/coria.org\/ayuntamiento\/wp-content\/uploads\/2022\/07\/PHOTO-2022-07-06-13-00-16.jpg","type":"image\/jpeg"}],"twitter_card":"summary_large_image","twitter_site":"@Ayto_de_Coria","twitter_misc":{"Tiempo de lectura":"2 minutos"},"schema":{"@context":"https:\/\/schema.org","@graph":[{"@type":"WebPage","@id":"https:\/\/coria.org\/ayuntamiento\/index.php\/horario-para-el-deposito-de-residuos-urbanos\/","url":"https:\/\/coria.org\/ayuntamiento\/index.php\/horario-para-el-deposito-de-residuos-urbanos\/","name":"Horario para el dep\u00f3sito de residuos urbanos - Ayuntamiento de Coria","isPartOf":{"@id":"https:\/\/coria.org\/ayuntamiento\/#website"},"primaryImageOfPage":{"@id":"https:\/\/coria.org\/ayuntamiento\/index.php\/horario-para-el-deposito-de-residuos-urbanos\/#primaryimage"},"image":{"@id":"https:\/\/coria.org\/ayuntamiento\/index.php\/horario-para-el-deposito-de-residuos-urbanos\/#primaryimage"},"thumbnailUrl":"https:\/\/coria.org\/ayuntamiento\/wp-content\/uploads\/2022\/07\/PHOTO-2022-07-06-13-00-16.jpg","datePublished":"2024-02-06T09:42:47+00:00","dateModified":"2024-08-14T10:31:09+00:00","description":"Horario para el dep\u00f3sito de residuos urbanos en Coria e indicaciones de reciclado y formas de dep\u00f3sito.","breadcrumb":{"@id":"https:\/\/coria.org\/ayuntamiento\/index.php\/horario-para-el-deposito-de-residuos-urbanos\/#breadcrumb"},"inLanguage":"es","potentialAction":[{"@type":"ReadAction","target":["https:\/\/coria.org\/ayuntamiento\/index.php\/horario-para-el-deposito-de-residuos-urbanos\/"]}]},{"@type":"ImageObject","inLanguage":"es","@id":"https:\/\/coria.org\/ayuntamiento\/index.php\/horario-para-el-deposito-de-residuos-urbanos\/#primaryimage","url":"https:\/\/coria.org\/ayuntamiento\/wp-content\/uploads\/2022\/07\/PHOTO-2022-07-06-13-00-16.jpg","contentUrl":"https:\/\/coria.org\/ayuntamiento\/wp-content\/uploads\/2022\/07\/PHOTO-2022-07-06-13-00-16.jpg","width":1600,"height":1200},{"@type":"BreadcrumbList","@id":"https:\/\/coria.org\/ayuntamiento\/index.php\/horario-para-el-deposito-de-residuos-urbanos\/#breadcrumb","itemListElement":[{"@type":"ListItem","position":1,"name":"Inicio","item":"https:\/\/coria.org\/ayuntamiento\/"},{"@type":"ListItem","position":2,"name":"Horario para el dep\u00f3sito de residuos urbanos"}]},{"@type":"WebSite","@id":"https:\/\/coria.org\/ayuntamiento\/#website","url":"https:\/\/coria.org\/ayuntamiento\/","name":"Ayuntamiento de Coria","description":"Web oficial del Ayuntamiento de Coria","publisher":{"@id":"https:\/\/coria.org\/ayuntamiento\/#organization"},"alternateName":"Web Oficial del Ayuntamiento de Coria","potentialAction":[{"@type":"SearchAction","target":{"@type":"EntryPoint","urlTemplate":"https:\/\/coria.org\/ayuntamiento\/?s={search_term_string}"},"query-input":{"@type":"PropertyValueSpecification","valueRequired":true,"valueName":"search_term_string"}}],"inLanguage":"es"},{"@type":"Organization","@id":"https:\/\/coria.org\/ayuntamiento\/#organization","name":"Ayuntamiento de Coria","alternateName":"Ayto de Coria","url":"https:\/\/coria.org\/ayuntamiento\/","logo":{"@type":"ImageObject","inLanguage":"es","@id":"https:\/\/coria.org\/ayuntamiento\/#\/schema\/logo\/image\/","url":"https:\/\/coria.org\/ayuntamiento\/wp-content\/uploads\/2020\/12\/escudo-ayuntamiento-coria.png","contentUrl":"https:\/\/coria.org\/ayuntamiento\/wp-content\/uploads\/2020\/12\/escudo-ayuntamiento-coria.png","width":511,"height":240,"caption":"Ayuntamiento de Coria"},"image":{"@id":"https:\/\/coria.org\/ayuntamiento\/#\/schema\/logo\/image\/"},"sameAs":["https:\/\/www.facebook.com\/Ayuntamiento.de.Coria","https:\/\/x.com\/Ayto_de_Coria","https:\/\/www.instagram.com\/coria.ayuntamiento\/","https:\/\/www.youtube.com\/user\/AYUNTAMIENTOCORIA"]}]}},"uagb_featured_image_src":{"full":["https:\/\/coria.org\/ayuntamiento\/wp-content\/uploads\/2022\/07\/PHOTO-2022-07-06-13-00-16.jpg",1600,1200,false],"thumbnail":["https:\/\/coria.org\/ayuntamiento\/wp-content\/uploads\/2022\/07\/PHOTO-2022-07-06-13-00-16-150x150.jpg",150,150,true],"medium":["https:\/\/coria.org\/ayuntamiento\/wp-content\/uploads\/2022\/07\/PHOTO-2022-07-06-13-00-16-300x225.jpg",300,225,true],"medium_large":["https:\/\/coria.org\/ayuntamiento\/wp-content\/uploads\/2022\/07\/PHOTO-2022-07-06-13-00-16-768x576.jpg",768,576,true],"large":["https:\/\/coria.org\/ayuntamiento\/wp-content\/uploads\/2022\/07\/PHOTO-2022-07-06-13-00-16-1024x768.jpg",1024,768,true],"thumblist":["https:\/\/coria.org\/ayuntamiento\/wp-content\/uploads\/2022\/07\/PHOTO-2022-07-06-13-00-16.jpg",300,225,false],"thumbrelated":["https:\/\/coria.org\/ayuntamiento\/wp-content\/uploads\/2022\/07\/PHOTO-2022-07-06-13-00-16.jpg",500,375,false],"meccarouselthumb":["https:\/\/coria.org\/ayuntamiento\/wp-content\/uploads\/2022\/07\/PHOTO-2022-07-06-13-00-16.jpg",432,324,false],"gridsquare":["https:\/\/coria.org\/ayuntamiento\/wp-content\/uploads\/2022\/07\/PHOTO-2022-07-06-13-00-16.jpg",347,260,false],"tileview":["https:\/\/coria.org\/ayuntamiento\/wp-content\/uploads\/2022\/07\/PHOTO-2022-07-06-13-00-16.jpg",300,225,false],"1536x1536":["https:\/\/coria.org\/ayuntamiento\/wp-content\/uploads\/2022\/07\/PHOTO-2022-07-06-13-00-16-1536x1152.jpg",1536,1152,true],"2048x2048":["https:\/\/coria.org\/ayuntamiento\/wp-content\/uploads\/2022\/07\/PHOTO-2022-07-06-13-00-16.jpg",1600,1200,false]},"uagb_author_info":{"display_name":"ayuntamiento","author_link":"https:\/\/coria.org\/ayuntamiento\/index.php\/author\/ayuntamiento\/"},"uagb_comment_info":0,"uagb_excerpt":"Horario Basuras org\u00e1nicas: Muebles y otros enseres: Residuos para recipientes de reciclado: Restos de poda y peque\u00f1os escombros: Reciclado y formas de dep\u00f3sito En caso de encontrarse saturado alguno de los recipientes, el dep\u00f3sito se efectuar\u00e1 en los m\u00e1s cercanos, sin que por este motivo puedan quedarse fuera de los contenedores correspondientes. No se permite&hellip;","_links":{"self":[{"href":"https:\/\/coria.org\/ayuntamiento\/index.php\/wp-json\/wp\/v2\/pages\/58103","targetHints":{"allow":["GET"]}}],"collection":[{"href":"https:\/\/coria.org\/ayuntamiento\/index.php\/wp-json\/wp\/v2\/pages"}],"about":[{"href":"https:\/\/coria.org\/ayuntamiento\/index.php\/wp-json\/wp\/v2\/types\/page"}],"author":[{"embeddable":true,"href":"https:\/\/coria.org\/ayuntamiento\/index.php\/wp-json\/wp\/v2\/users\/2"}],"replies":[{"embeddable":true,"href":"https:\/\/coria.org\/ayuntamiento\/index.php\/wp-json\/wp\/v2\/comments?post=58103"}],"version-history":[{"count":0,"href":"https:\/\/coria.org\/ayuntamiento\/index.php\/wp-json\/wp\/v2\/pages\/58103\/revisions"}],"wp:featuredmedia":[{"embeddable":true,"href":"https:\/\/coria.org\/ayuntamiento\/index.php\/wp-json\/wp\/v2\/media\/37795"}],"wp:attachment":[{"href":"https:\/\/coria.org\/ayuntamiento\/index.php\/wp-json\/wp\/v2\/media?parent=58103"}],"curies":[{"name":"wp","href":"https:\/\/api.w.org\/{rel}","templated":true}]}}