{"id":57843,"date":"2020-01-22T11:10:03","date_gmt":"2020-01-22T10:10:03","guid":{"rendered":"https:\/\/turismocoria.es\/importacion\/?page_id=57843"},"modified":"2024-08-14T08:45:07","modified_gmt":"2024-08-14T06:45:07","slug":"delegaciones","status":"publish","type":"page","link":"https:\/\/coria.org\/ayuntamiento\/index.php\/delegaciones\/","title":{"rendered":"Delegaciones"},"content":{"rendered":"\n<h3 class=\"wp-block-heading\"><strong>Concejales Delegados:<\/strong><\/h3>\n\n\n\n<div class=\"wp-block-group is-layout-flow wp-block-group-is-layout-flow\">\n<div class=\"wp-block-columns is-layout-flex wp-container-core-columns-is-layout-28f84493 wp-block-columns-is-layout-flex\">\n<div class=\"wp-block-column is-layout-flow wp-block-column-is-layout-flow\">\n<figure class=\"wp-block-image size-large\"><img loading=\"lazy\" decoding=\"async\" width=\"768\" height=\"1024\" src=\"https:\/\/coria.org\/ayuntamiento\/wp-content\/uploads\/2024\/01\/Pablo-Enciso-768x1024.jpg\" alt=\"\" class=\"wp-image-57820\" srcset=\"https:\/\/coria.org\/ayuntamiento\/wp-content\/uploads\/2024\/01\/Pablo-Enciso-768x1024.jpg 768w, https:\/\/coria.org\/ayuntamiento\/wp-content\/uploads\/2024\/01\/Pablo-Enciso-225x300.jpg 225w, https:\/\/coria.org\/ayuntamiento\/wp-content\/uploads\/2024\/01\/Pablo-Enciso-300x400.jpg 300w, https:\/\/coria.org\/ayuntamiento\/wp-content\/uploads\/2024\/01\/Pablo-Enciso.jpg 1024w\" sizes=\"auto, (max-width: 768px) 100vw, 768px\" \/><\/figure>\n\n\n\n<h5 class=\"wp-block-heading\">Pablo Luis <br>ENCISO CAVIA<\/h5>\n\n\n\n<p>Concejal Delegado de Cuentas, Econom\u00eda, Hacienda, Recursos Humanos, Seguridad, Tr\u00e1fico<br>y Contrataci\u00f3n.<\/p>\n<\/div>\n\n\n\n<div class=\"wp-block-column is-layout-flow wp-block-column-is-layout-flow\">\n<figure class=\"wp-block-image size-large\"><img loading=\"lazy\" decoding=\"async\" width=\"768\" height=\"1024\" src=\"https:\/\/coria.org\/ayuntamiento\/wp-content\/uploads\/2024\/01\/Juan-Jose-Alcon-768x1024.jpg\" alt=\"\" class=\"wp-image-57812\" srcset=\"https:\/\/coria.org\/ayuntamiento\/wp-content\/uploads\/2024\/01\/Juan-Jose-Alcon-768x1024.jpg 768w, https:\/\/coria.org\/ayuntamiento\/wp-content\/uploads\/2024\/01\/Juan-Jose-Alcon-225x300.jpg 225w, https:\/\/coria.org\/ayuntamiento\/wp-content\/uploads\/2024\/01\/Juan-Jose-Alcon-300x400.jpg 300w, https:\/\/coria.org\/ayuntamiento\/wp-content\/uploads\/2024\/01\/Juan-Jose-Alcon.jpg 1024w\" sizes=\"auto, (max-width: 768px) 100vw, 768px\" \/><\/figure>\n\n\n\n<h5 class=\"wp-block-heading\">Juan Jos\u00e9 <br>ALC\u00d3N GAZAPO<\/h5>\n\n\n\n<p>Concejal Delegado de Medio Ambiente, Infraestructuras, Servicios y Puebla de Argeme.<\/p>\n<\/div>\n\n\n\n<div class=\"wp-block-column is-layout-flow wp-block-column-is-layout-flow\">\n<figure class=\"wp-block-image size-large\"><img loading=\"lazy\" decoding=\"async\" width=\"768\" height=\"1024\" src=\"https:\/\/coria.org\/ayuntamiento\/wp-content\/uploads\/2024\/01\/Juan-Manuel-Gutierrez-768x1024.jpg\" alt=\"\" class=\"wp-image-57818\" srcset=\"https:\/\/coria.org\/ayuntamiento\/wp-content\/uploads\/2024\/01\/Juan-Manuel-Gutierrez-768x1024.jpg 768w, https:\/\/coria.org\/ayuntamiento\/wp-content\/uploads\/2024\/01\/Juan-Manuel-Gutierrez-225x300.jpg 225w, https:\/\/coria.org\/ayuntamiento\/wp-content\/uploads\/2024\/01\/Juan-Manuel-Gutierrez-300x400.jpg 300w, https:\/\/coria.org\/ayuntamiento\/wp-content\/uploads\/2024\/01\/Juan-Manuel-Gutierrez.jpg 1024w\" sizes=\"auto, (max-width: 768px) 100vw, 768px\" \/><\/figure>\n\n\n\n<h5 class=\"wp-block-heading\">Juan Manuel <br>GUTIERR\u00c9Z RODR\u00cdGUEZ<\/h5>\n\n\n\n<p>Desarrollo Econ\u00f3mico, Comercio y Deportes.<\/p>\n<\/div>\n<\/div>\n<\/div>\n\n\n\n<div class=\"wp-block-columns is-layout-flex wp-container-core-columns-is-layout-28f84493 wp-block-columns-is-layout-flex\">\n<div class=\"wp-block-column is-layout-flow wp-block-column-is-layout-flow\">\n<figure class=\"wp-block-image size-large\"><img loading=\"lazy\" decoding=\"async\" width=\"768\" height=\"1024\" src=\"https:\/\/coria.org\/ayuntamiento\/wp-content\/uploads\/2024\/01\/Patricia-Parro-768x1024.jpg\" alt=\"\" class=\"wp-image-57817\" srcset=\"https:\/\/coria.org\/ayuntamiento\/wp-content\/uploads\/2024\/01\/Patricia-Parro-768x1024.jpg 768w, https:\/\/coria.org\/ayuntamiento\/wp-content\/uploads\/2024\/01\/Patricia-Parro-225x300.jpg 225w, https:\/\/coria.org\/ayuntamiento\/wp-content\/uploads\/2024\/01\/Patricia-Parro-300x400.jpg 300w, https:\/\/coria.org\/ayuntamiento\/wp-content\/uploads\/2024\/01\/Patricia-Parro.jpg 1024w\" sizes=\"auto, (max-width: 768px) 100vw, 768px\" \/><\/figure>\n\n\n\n<h5 class=\"wp-block-heading\">Patricia <br>PARRO D\u00cdAZ<\/h5>\n\n\n\n<p>Concejala Delegada de Turismo.<\/p>\n<\/div>\n\n\n\n<div class=\"wp-block-column is-layout-flow wp-block-column-is-layout-flow\">\n<figure class=\"wp-block-image size-large\"><img loading=\"lazy\" decoding=\"async\" width=\"768\" height=\"1024\" src=\"https:\/\/coria.org\/ayuntamiento\/wp-content\/uploads\/2024\/01\/Patricia-Alfonso-768x1024.jpg\" alt=\"\" class=\"wp-image-57819\" srcset=\"https:\/\/coria.org\/ayuntamiento\/wp-content\/uploads\/2024\/01\/Patricia-Alfonso-768x1024.jpg 768w, https:\/\/coria.org\/ayuntamiento\/wp-content\/uploads\/2024\/01\/Patricia-Alfonso-225x300.jpg 225w, https:\/\/coria.org\/ayuntamiento\/wp-content\/uploads\/2024\/01\/Patricia-Alfonso-300x400.jpg 300w, https:\/\/coria.org\/ayuntamiento\/wp-content\/uploads\/2024\/01\/Patricia-Alfonso.jpg 1024w\" sizes=\"auto, (max-width: 768px) 100vw, 768px\" \/><\/figure>\n\n\n\n<h5 class=\"wp-block-heading\">Patricia <br>ALFONSO BARRIOS<\/h5>\n\n\n\n<p>Concejala Delegada de Cultura.<\/p>\n<\/div>\n\n\n\n<div class=\"wp-block-column is-layout-flow wp-block-column-is-layout-flow\">\n<figure class=\"wp-block-image size-large\"><img loading=\"lazy\" decoding=\"async\" width=\"768\" height=\"1024\" src=\"https:\/\/coria.org\/ayuntamiento\/wp-content\/uploads\/2024\/01\/Irene-Ovejero-768x1024.jpg\" alt=\"\" class=\"wp-image-57815\" srcset=\"https:\/\/coria.org\/ayuntamiento\/wp-content\/uploads\/2024\/01\/Irene-Ovejero-768x1024.jpg 768w, https:\/\/coria.org\/ayuntamiento\/wp-content\/uploads\/2024\/01\/Irene-Ovejero-225x300.jpg 225w, https:\/\/coria.org\/ayuntamiento\/wp-content\/uploads\/2024\/01\/Irene-Ovejero-300x400.jpg 300w, https:\/\/coria.org\/ayuntamiento\/wp-content\/uploads\/2024\/01\/Irene-Ovejero.jpg 1024w\" sizes=\"auto, (max-width: 768px) 100vw, 768px\" \/><\/figure>\n\n\n\n<h5 class=\"wp-block-heading\">Irene <br>OVEJERO CRIST\u00d3BAL<\/h5>\n\n\n\n<p>Concejala Delegada de Juventud y Fiestas.<\/p>\n<\/div>\n<\/div>\n\n\n\n<div class=\"wp-block-columns is-layout-flex wp-container-core-columns-is-layout-28f84493 wp-block-columns-is-layout-flex\">\n<div class=\"wp-block-column is-layout-flow wp-block-column-is-layout-flow\">\n<figure class=\"wp-block-image size-large\"><img loading=\"lazy\" decoding=\"async\" width=\"768\" height=\"1024\" src=\"https:\/\/coria.org\/ayuntamiento\/wp-content\/uploads\/2024\/01\/Raul-Sanchez-768x1024.jpg\" alt=\"\" class=\"wp-image-57828\" srcset=\"https:\/\/coria.org\/ayuntamiento\/wp-content\/uploads\/2024\/01\/Raul-Sanchez-768x1024.jpg 768w, https:\/\/coria.org\/ayuntamiento\/wp-content\/uploads\/2024\/01\/Raul-Sanchez-225x300.jpg 225w, https:\/\/coria.org\/ayuntamiento\/wp-content\/uploads\/2024\/01\/Raul-Sanchez-300x400.jpg 300w, https:\/\/coria.org\/ayuntamiento\/wp-content\/uploads\/2024\/01\/Raul-Sanchez.jpg 1024w\" sizes=\"auto, (max-width: 768px) 100vw, 768px\" \/><\/figure>\n\n\n\n<h5 class=\"wp-block-heading\">Ra\u00fal <br>S\u00c1NCHEZ NOVAS<\/h5>\n\n\n\n<p>Concejal Delegado de Desarrollo Tecnol\u00f3gico, Comunicaci\u00f3n, Mujer y Servicios Sociales.<\/p>\n<\/div>\n\n\n\n<div class=\"wp-block-column is-layout-flow wp-block-column-is-layout-flow\">\n<figure class=\"wp-block-image size-large\"><img loading=\"lazy\" decoding=\"async\" width=\"768\" height=\"1024\" src=\"https:\/\/coria.org\/ayuntamiento\/wp-content\/uploads\/2024\/01\/Paula-Rodriguez-768x1024.jpg\" alt=\"\" class=\"wp-image-57813\" srcset=\"https:\/\/coria.org\/ayuntamiento\/wp-content\/uploads\/2024\/01\/Paula-Rodriguez-768x1025.jpg 768w, https:\/\/coria.org\/ayuntamiento\/wp-content\/uploads\/2024\/01\/Paula-Rodriguez-225x300.jpg 225w, https:\/\/coria.org\/ayuntamiento\/wp-content\/uploads\/2024\/01\/Paula-Rodriguez-300x400.jpg 300w, https:\/\/coria.org\/ayuntamiento\/wp-content\/uploads\/2024\/01\/Paula-Rodriguez.jpg 1024w\" sizes=\"auto, (max-width: 768px) 100vw, 768px\" \/><\/figure>\n\n\n\n<h5 class=\"wp-block-heading\">Paula <br>RODR\u00cdGUEZ GARC\u00cdA<\/h5>\n\n\n\n<p>Concejala Delegada de Rinc\u00f3n del Obispo.<\/p>\n<\/div>\n\n\n\n<div class=\"wp-block-column is-layout-flow wp-block-column-is-layout-flow\">\n<figure class=\"wp-block-image size-large\"><img loading=\"lazy\" decoding=\"async\" width=\"768\" height=\"1024\" src=\"https:\/\/coria.org\/ayuntamiento\/wp-content\/uploads\/2024\/01\/Alberto-Jose-Diaz-768x1024.jpg\" alt=\"\" class=\"wp-image-57814\" srcset=\"https:\/\/coria.org\/ayuntamiento\/wp-content\/uploads\/2024\/01\/Alberto-Jose-Diaz-768x1024.jpg 768w, https:\/\/coria.org\/ayuntamiento\/wp-content\/uploads\/2024\/01\/Alberto-Jose-Diaz-225x300.jpg 225w, https:\/\/coria.org\/ayuntamiento\/wp-content\/uploads\/2024\/01\/Alberto-Jose-Diaz-300x400.jpg 300w, https:\/\/coria.org\/ayuntamiento\/wp-content\/uploads\/2024\/01\/Alberto-Jose-Diaz.jpg 1024w\" sizes=\"auto, (max-width: 768px) 100vw, 768px\" \/><\/figure>\n\n\n\n<h5 class=\"wp-block-heading\">Alberto <br>OVEJERO CRIST\u00d3BAL<\/h5>\n\n\n\n<p>Concejal Delegado de Tradiciones, Relaciones Institucionales y Barrios.<\/p>\n<\/div>\n<\/div>\n\n\n\n<div style=\"height:50px\" aria-hidden=\"true\" class=\"wp-block-spacer\"><\/div>\n\n\n\n<div class=\"wp-block-columns alignwide is-layout-flex wp-container-core-columns-is-layout-d2da2050 wp-block-columns-is-layout-flex\" style=\"margin-bottom:0\">\n<div class=\"wp-block-column has-custom-secundario-3-background-color has-text-color has-background has-link-color wp-elements-0ab40e6c0f1446c69a7294fac91c1f09 is-layout-flow wp-block-column-is-layout-flow\" style=\"color:#000000;padding-top:2em;padding-right:2em;padding-bottom:2em;padding-left:2em\">\n<h2 class=\"wp-block-heading has-contrast-color has-text-color has-link-color wp-elements-00867f59731bec9701d9a28f391d2eea\" id=\"family\" style=\"font-size:clamp(24.034px, 1.502rem + ((1vw - 3.2px) * 1.663), 40px);\"><strong>Nombramiento<\/strong><\/h2>\n\n\n\n<p class=\"has-normal-font-size\" style=\"line-height:1.5\"><strong>El Nombramiento de los Concejales Delegados del Ayuntamiento de Coria se estableci\u00f3 en el pasado Pleno Extraordinario de 22 de junio de 2023.<\/strong><\/p>\n\n\n\n<hr class=\"wp-block-separator has-text-color has-custom-gris-1-ayto-color has-alpha-channel-opacity has-custom-gris-1-ayto-background-color has-background is-style-wide\"\/>\n\n\n\n<p>El \u00e1rea de <strong>Urbanismo<\/strong> ser\u00e1 asumido directamente por esta Alcald\u00eda.<\/p>\n\n\n\n<p>Las atribuciones incluidas en las delegaciones indicadas comprender\u00e1n la direcci\u00f3n interna y la<br>gesti\u00f3n de los servicios correspondientes.<\/p>\n\n\n\n<p>Adem\u00e1s, en el caso del <strong>Concejal Delegado de Medio Ambiente, Infraestructuras, Servicios y Puebla de Argeme<\/strong>, la delegaci\u00f3n abarcar\u00e1 tambi\u00e9n la autorizaci\u00f3n, disposici\u00f3n y reconocimiento de la obligaci\u00f3n de los gastos relativos a su Concejal\u00eda, por un importe m\u00e1ximo 5.000,00 euros.<\/p>\n\n\n\n<p>Asimismo, el <strong>Concejal Delegado de Cuentas, Econom\u00eda, Hacienda, Recursos Humanos, Seguridad, Tr\u00e1fico y Contrataci\u00f3n<\/strong>, le corresponder\u00e1 de igual forma la autorizaci\u00f3n, disposici\u00f3n y reconocimiento de la obligaci\u00f3n por un importe m\u00e1ximo de 5.000,00 euros en el resto de asuntos no relacionados con la Concejal\u00eda de Medio Ambiente, Infraestructuras, Servicios y Puebla de Argeme.<\/p>\n<\/div>\n<\/div>\n","protected":false},"excerpt":{"rendered":"<p>Concejales Delegados: Pablo Luis ENCISO CAVIA Concejal Delegado de Cuentas, Econom\u00eda, Hacienda, Recursos Humanos, Seguridad, Tr\u00e1ficoy Contrataci\u00f3n. Juan Jos\u00e9 ALC\u00d3N GAZAPO Concejal Delegado de Medio Ambiente, Infraestructuras, Servicios y Puebla de Argeme. Juan Manuel GUTIERR\u00c9Z RODR\u00cdGUEZ Desarrollo Econ\u00f3mico, Comercio y Deportes. Patricia PARRO D\u00cdAZ Concejala Delegada de Turismo. Patricia ALFONSO BARRIOS Concejala Delegada de Cultura. [&hellip;]<\/p>\n","protected":false},"author":2,"featured_media":1758,"parent":0,"menu_order":0,"comment_status":"closed","ping_status":"closed","template":"","meta":{"_uag_custom_page_level_css":"","footnotes":""},"class_list":["post-57843","page","type-page","status-publish","has-post-thumbnail","hentry"],"yoast_head":"<!-- This site is optimized with the Yoast SEO plugin v27.5 - https:\/\/yoast.com\/product\/yoast-seo-wordpress\/ -->\n<title>Delegaciones - Ayuntamiento de Coria<\/title>\n<meta name=\"description\" content=\"El Nombramiento de los Concejales Delegados del Ayuntamiento de Coria se estableci\u00f3 en el pasado Pleno Extraordinario de 22 de junio de 2023.\" \/>\n<meta name=\"robots\" content=\"index, follow, max-snippet:-1, max-image-preview:large, max-video-preview:-1\" \/>\n<link rel=\"canonical\" href=\"https:\/\/coria.org\/ayuntamiento\/index.php\/delegaciones\/\" \/>\n<meta property=\"og:locale\" content=\"es_ES\" \/>\n<meta property=\"og:type\" content=\"article\" \/>\n<meta property=\"og:title\" content=\"Delegaciones - Ayuntamiento de Coria\" \/>\n<meta property=\"og:description\" content=\"El Nombramiento de los Concejales Delegados del Ayuntamiento de Coria se estableci\u00f3 en el pasado Pleno Extraordinario de 22 de junio de 2023.\" \/>\n<meta property=\"og:url\" content=\"https:\/\/coria.org\/ayuntamiento\/index.php\/delegaciones\/\" \/>\n<meta property=\"og:site_name\" content=\"Ayuntamiento de Coria\" \/>\n<meta property=\"article:publisher\" content=\"https:\/\/www.facebook.com\/Ayuntamiento.de.Coria\" \/>\n<meta property=\"article:modified_time\" content=\"2024-08-14T06:45:07+00:00\" \/>\n<meta property=\"og:image\" content=\"https:\/\/coria.org\/ayuntamiento\/wp-content\/uploads\/2022\/02\/ayto.jpg\" \/>\n\t<meta property=\"og:image:width\" content=\"1024\" \/>\n\t<meta property=\"og:image:height\" content=\"576\" \/>\n\t<meta property=\"og:image:type\" content=\"image\/jpeg\" \/>\n<meta name=\"twitter:card\" content=\"summary_large_image\" \/>\n<meta name=\"twitter:site\" content=\"@Ayto_de_Coria\" \/>\n<meta name=\"twitter:label1\" content=\"Tiempo de lectura\" \/>\n\t<meta name=\"twitter:data1\" content=\"4 minutos\" \/>\n<script type=\"application\/ld+json\" class=\"yoast-schema-graph\">{\"@context\":\"https:\\\/\\\/schema.org\",\"@graph\":[{\"@type\":\"WebPage\",\"@id\":\"https:\\\/\\\/coria.org\\\/ayuntamiento\\\/index.php\\\/delegaciones\\\/\",\"url\":\"https:\\\/\\\/coria.org\\\/ayuntamiento\\\/index.php\\\/delegaciones\\\/\",\"name\":\"Delegaciones - Ayuntamiento de Coria\",\"isPartOf\":{\"@id\":\"https:\\\/\\\/coria.org\\\/ayuntamiento\\\/#website\"},\"primaryImageOfPage\":{\"@id\":\"https:\\\/\\\/coria.org\\\/ayuntamiento\\\/index.php\\\/delegaciones\\\/#primaryimage\"},\"image\":{\"@id\":\"https:\\\/\\\/coria.org\\\/ayuntamiento\\\/index.php\\\/delegaciones\\\/#primaryimage\"},\"thumbnailUrl\":\"https:\\\/\\\/coria.org\\\/ayuntamiento\\\/wp-content\\\/uploads\\\/2022\\\/02\\\/ayto.jpg\",\"datePublished\":\"2020-01-22T10:10:03+00:00\",\"dateModified\":\"2024-08-14T06:45:07+00:00\",\"description\":\"El Nombramiento de los Concejales Delegados del Ayuntamiento de Coria se estableci\u00f3 en el pasado Pleno Extraordinario de 22 de junio de 2023.\",\"breadcrumb\":{\"@id\":\"https:\\\/\\\/coria.org\\\/ayuntamiento\\\/index.php\\\/delegaciones\\\/#breadcrumb\"},\"inLanguage\":\"es\",\"potentialAction\":[{\"@type\":\"ReadAction\",\"target\":[\"https:\\\/\\\/coria.org\\\/ayuntamiento\\\/index.php\\\/delegaciones\\\/\"]}]},{\"@type\":\"ImageObject\",\"inLanguage\":\"es\",\"@id\":\"https:\\\/\\\/coria.org\\\/ayuntamiento\\\/index.php\\\/delegaciones\\\/#primaryimage\",\"url\":\"https:\\\/\\\/coria.org\\\/ayuntamiento\\\/wp-content\\\/uploads\\\/2022\\\/02\\\/ayto.jpg\",\"contentUrl\":\"https:\\\/\\\/coria.org\\\/ayuntamiento\\\/wp-content\\\/uploads\\\/2022\\\/02\\\/ayto.jpg\",\"width\":1024,\"height\":576},{\"@type\":\"BreadcrumbList\",\"@id\":\"https:\\\/\\\/coria.org\\\/ayuntamiento\\\/index.php\\\/delegaciones\\\/#breadcrumb\",\"itemListElement\":[{\"@type\":\"ListItem\",\"position\":1,\"name\":\"Inicio\",\"item\":\"https:\\\/\\\/coria.org\\\/ayuntamiento\\\/\"},{\"@type\":\"ListItem\",\"position\":2,\"name\":\"Delegaciones\"}]},{\"@type\":\"WebSite\",\"@id\":\"https:\\\/\\\/coria.org\\\/ayuntamiento\\\/#website\",\"url\":\"https:\\\/\\\/coria.org\\\/ayuntamiento\\\/\",\"name\":\"Ayuntamiento de Coria\",\"description\":\"Web oficial del Ayuntamiento de Coria\",\"publisher\":{\"@id\":\"https:\\\/\\\/coria.org\\\/ayuntamiento\\\/#organization\"},\"alternateName\":\"Web Oficial del Ayuntamiento de Coria\",\"potentialAction\":[{\"@type\":\"SearchAction\",\"target\":{\"@type\":\"EntryPoint\",\"urlTemplate\":\"https:\\\/\\\/coria.org\\\/ayuntamiento\\\/?s={search_term_string}\"},\"query-input\":{\"@type\":\"PropertyValueSpecification\",\"valueRequired\":true,\"valueName\":\"search_term_string\"}}],\"inLanguage\":\"es\"},{\"@type\":\"Organization\",\"@id\":\"https:\\\/\\\/coria.org\\\/ayuntamiento\\\/#organization\",\"name\":\"Ayuntamiento de Coria\",\"alternateName\":\"Ayto de Coria\",\"url\":\"https:\\\/\\\/coria.org\\\/ayuntamiento\\\/\",\"logo\":{\"@type\":\"ImageObject\",\"inLanguage\":\"es\",\"@id\":\"https:\\\/\\\/coria.org\\\/ayuntamiento\\\/#\\\/schema\\\/logo\\\/image\\\/\",\"url\":\"https:\\\/\\\/coria.org\\\/ayuntamiento\\\/wp-content\\\/uploads\\\/2020\\\/12\\\/escudo-ayuntamiento-coria.png\",\"contentUrl\":\"https:\\\/\\\/coria.org\\\/ayuntamiento\\\/wp-content\\\/uploads\\\/2020\\\/12\\\/escudo-ayuntamiento-coria.png\",\"width\":511,\"height\":240,\"caption\":\"Ayuntamiento de Coria\"},\"image\":{\"@id\":\"https:\\\/\\\/coria.org\\\/ayuntamiento\\\/#\\\/schema\\\/logo\\\/image\\\/\"},\"sameAs\":[\"https:\\\/\\\/www.facebook.com\\\/Ayuntamiento.de.Coria\",\"https:\\\/\\\/x.com\\\/Ayto_de_Coria\",\"https:\\\/\\\/www.instagram.com\\\/coria.ayuntamiento\\\/\",\"https:\\\/\\\/www.youtube.com\\\/user\\\/AYUNTAMIENTOCORIA\"]}]}<\/script>\n<!-- \/ Yoast SEO plugin. -->","yoast_head_json":{"title":"Delegaciones - Ayuntamiento de Coria","description":"El Nombramiento de los Concejales Delegados del Ayuntamiento de Coria se estableci\u00f3 en el pasado Pleno Extraordinario de 22 de junio de 2023.","robots":{"index":"index","follow":"follow","max-snippet":"max-snippet:-1","max-image-preview":"max-image-preview:large","max-video-preview":"max-video-preview:-1"},"canonical":"https:\/\/coria.org\/ayuntamiento\/index.php\/delegaciones\/","og_locale":"es_ES","og_type":"article","og_title":"Delegaciones - Ayuntamiento de Coria","og_description":"El Nombramiento de los Concejales Delegados del Ayuntamiento de Coria se estableci\u00f3 en el pasado Pleno Extraordinario de 22 de junio de 2023.","og_url":"https:\/\/coria.org\/ayuntamiento\/index.php\/delegaciones\/","og_site_name":"Ayuntamiento de Coria","article_publisher":"https:\/\/www.facebook.com\/Ayuntamiento.de.Coria","article_modified_time":"2024-08-14T06:45:07+00:00","og_image":[{"width":1024,"height":576,"url":"https:\/\/coria.org\/ayuntamiento\/wp-content\/uploads\/2022\/02\/ayto.jpg","type":"image\/jpeg"}],"twitter_card":"summary_large_image","twitter_site":"@Ayto_de_Coria","twitter_misc":{"Tiempo de lectura":"4 minutos"},"schema":{"@context":"https:\/\/schema.org","@graph":[{"@type":"WebPage","@id":"https:\/\/coria.org\/ayuntamiento\/index.php\/delegaciones\/","url":"https:\/\/coria.org\/ayuntamiento\/index.php\/delegaciones\/","name":"Delegaciones - Ayuntamiento de Coria","isPartOf":{"@id":"https:\/\/coria.org\/ayuntamiento\/#website"},"primaryImageOfPage":{"@id":"https:\/\/coria.org\/ayuntamiento\/index.php\/delegaciones\/#primaryimage"},"image":{"@id":"https:\/\/coria.org\/ayuntamiento\/index.php\/delegaciones\/#primaryimage"},"thumbnailUrl":"https:\/\/coria.org\/ayuntamiento\/wp-content\/uploads\/2022\/02\/ayto.jpg","datePublished":"2020-01-22T10:10:03+00:00","dateModified":"2024-08-14T06:45:07+00:00","description":"El Nombramiento de los Concejales Delegados del Ayuntamiento de Coria se estableci\u00f3 en el pasado Pleno Extraordinario de 22 de junio de 2023.","breadcrumb":{"@id":"https:\/\/coria.org\/ayuntamiento\/index.php\/delegaciones\/#breadcrumb"},"inLanguage":"es","potentialAction":[{"@type":"ReadAction","target":["https:\/\/coria.org\/ayuntamiento\/index.php\/delegaciones\/"]}]},{"@type":"ImageObject","inLanguage":"es","@id":"https:\/\/coria.org\/ayuntamiento\/index.php\/delegaciones\/#primaryimage","url":"https:\/\/coria.org\/ayuntamiento\/wp-content\/uploads\/2022\/02\/ayto.jpg","contentUrl":"https:\/\/coria.org\/ayuntamiento\/wp-content\/uploads\/2022\/02\/ayto.jpg","width":1024,"height":576},{"@type":"BreadcrumbList","@id":"https:\/\/coria.org\/ayuntamiento\/index.php\/delegaciones\/#breadcrumb","itemListElement":[{"@type":"ListItem","position":1,"name":"Inicio","item":"https:\/\/coria.org\/ayuntamiento\/"},{"@type":"ListItem","position":2,"name":"Delegaciones"}]},{"@type":"WebSite","@id":"https:\/\/coria.org\/ayuntamiento\/#website","url":"https:\/\/coria.org\/ayuntamiento\/","name":"Ayuntamiento de Coria","description":"Web oficial del Ayuntamiento de Coria","publisher":{"@id":"https:\/\/coria.org\/ayuntamiento\/#organization"},"alternateName":"Web Oficial del Ayuntamiento de Coria","potentialAction":[{"@type":"SearchAction","target":{"@type":"EntryPoint","urlTemplate":"https:\/\/coria.org\/ayuntamiento\/?s={search_term_string}"},"query-input":{"@type":"PropertyValueSpecification","valueRequired":true,"valueName":"search_term_string"}}],"inLanguage":"es"},{"@type":"Organization","@id":"https:\/\/coria.org\/ayuntamiento\/#organization","name":"Ayuntamiento de Coria","alternateName":"Ayto de Coria","url":"https:\/\/coria.org\/ayuntamiento\/","logo":{"@type":"ImageObject","inLanguage":"es","@id":"https:\/\/coria.org\/ayuntamiento\/#\/schema\/logo\/image\/","url":"https:\/\/coria.org\/ayuntamiento\/wp-content\/uploads\/2020\/12\/escudo-ayuntamiento-coria.png","contentUrl":"https:\/\/coria.org\/ayuntamiento\/wp-content\/uploads\/2020\/12\/escudo-ayuntamiento-coria.png","width":511,"height":240,"caption":"Ayuntamiento de Coria"},"image":{"@id":"https:\/\/coria.org\/ayuntamiento\/#\/schema\/logo\/image\/"},"sameAs":["https:\/\/www.facebook.com\/Ayuntamiento.de.Coria","https:\/\/x.com\/Ayto_de_Coria","https:\/\/www.instagram.com\/coria.ayuntamiento\/","https:\/\/www.youtube.com\/user\/AYUNTAMIENTOCORIA"]}]}},"uagb_featured_image_src":{"full":["https:\/\/coria.org\/ayuntamiento\/wp-content\/uploads\/2022\/02\/ayto.jpg",1024,576,false],"thumbnail":["https:\/\/coria.org\/ayuntamiento\/wp-content\/uploads\/2022\/02\/ayto-150x150.jpg",150,150,true],"medium":["https:\/\/coria.org\/ayuntamiento\/wp-content\/uploads\/2022\/02\/ayto-300x169.jpg",300,169,true],"medium_large":["https:\/\/coria.org\/ayuntamiento\/wp-content\/uploads\/2022\/02\/ayto-768x432.jpg",768,432,true],"large":["https:\/\/coria.org\/ayuntamiento\/wp-content\/uploads\/2022\/02\/ayto.jpg",1024,576,false],"thumblist":["https:\/\/coria.org\/ayuntamiento\/wp-content\/uploads\/2022\/02\/ayto.jpg",300,169,false],"thumbrelated":["https:\/\/coria.org\/ayuntamiento\/wp-content\/uploads\/2022\/02\/ayto.jpg",500,281,false],"meccarouselthumb":["https:\/\/coria.org\/ayuntamiento\/wp-content\/uploads\/2022\/02\/ayto.jpg",474,267,false],"gridsquare":["https:\/\/coria.org\/ayuntamiento\/wp-content\/uploads\/2022\/02\/ayto.jpg",391,220,false],"tileview":["https:\/\/coria.org\/ayuntamiento\/wp-content\/uploads\/2022\/02\/ayto.jpg",300,169,false],"1536x1536":["https:\/\/coria.org\/ayuntamiento\/wp-content\/uploads\/2022\/02\/ayto.jpg",1024,576,false],"2048x2048":["https:\/\/coria.org\/ayuntamiento\/wp-content\/uploads\/2022\/02\/ayto.jpg",1024,576,false]},"uagb_author_info":{"display_name":"ayuntamiento","author_link":"https:\/\/coria.org\/ayuntamiento\/index.php\/author\/ayuntamiento\/"},"uagb_comment_info":0,"uagb_excerpt":"Concejales Delegados: Pablo Luis ENCISO CAVIA Concejal Delegado de Cuentas, Econom\u00eda, Hacienda, Recursos Humanos, Seguridad, Tr\u00e1ficoy Contrataci\u00f3n. Juan Jos\u00e9 ALC\u00d3N GAZAPO Concejal Delegado de Medio Ambiente, Infraestructuras, Servicios y Puebla de Argeme. Juan Manuel GUTIERR\u00c9Z RODR\u00cdGUEZ Desarrollo Econ\u00f3mico, Comercio y Deportes. Patricia PARRO D\u00cdAZ Concejala Delegada de Turismo. Patricia ALFONSO BARRIOS Concejala Delegada de Cultura.&hellip;","_links":{"self":[{"href":"https:\/\/coria.org\/ayuntamiento\/index.php\/wp-json\/wp\/v2\/pages\/57843","targetHints":{"allow":["GET"]}}],"collection":[{"href":"https:\/\/coria.org\/ayuntamiento\/index.php\/wp-json\/wp\/v2\/pages"}],"about":[{"href":"https:\/\/coria.org\/ayuntamiento\/index.php\/wp-json\/wp\/v2\/types\/page"}],"author":[{"embeddable":true,"href":"https:\/\/coria.org\/ayuntamiento\/index.php\/wp-json\/wp\/v2\/users\/2"}],"replies":[{"embeddable":true,"href":"https:\/\/coria.org\/ayuntamiento\/index.php\/wp-json\/wp\/v2\/comments?post=57843"}],"version-history":[{"count":0,"href":"https:\/\/coria.org\/ayuntamiento\/index.php\/wp-json\/wp\/v2\/pages\/57843\/revisions"}],"wp:featuredmedia":[{"embeddable":true,"href":"https:\/\/coria.org\/ayuntamiento\/index.php\/wp-json\/wp\/v2\/media\/1758"}],"wp:attachment":[{"href":"https:\/\/coria.org\/ayuntamiento\/index.php\/wp-json\/wp\/v2\/media?parent=57843"}],"curies":[{"name":"wp","href":"https:\/\/api.w.org\/{rel}","templated":true}]}}