{"id":1621,"date":"2020-12-29T13:40:23","date_gmt":"2020-12-29T12:40:23","guid":{"rendered":"https:\/\/beta.coriaenimagenes.com\/?page_id=1621"},"modified":"2024-08-14T08:35:33","modified_gmt":"2024-08-14T06:35:33","slug":"codigos-facturacion-electronica","status":"publish","type":"page","link":"https:\/\/coria.org\/ayuntamiento\/index.php\/codigos-facturacion-electronica\/","title":{"rendered":"C\u00f3digos para Facturaci\u00f3n Electr\u00f3nica"},"content":{"rendered":"\n<p>Todas las facturas que se remitan a esta Administraci\u00f3n, deben incluir la siguiente codificaci\u00f3n dentro de la factura:<\/p>\n\n\n\n<div class=\"wp-block-group has-custom-secundario-3-background-color has-background is-layout-flow wp-block-group-is-layout-flow\" style=\"padding-top:var(--wp--preset--spacing--10);padding-right:var(--wp--preset--spacing--10);padding-bottom:var(--wp--preset--spacing--10);padding-left:var(--wp--preset--spacing--10)\">\n<h3 class=\"wp-block-heading\">Ente: Ayuntamiento de Coria<\/h3>\n\n\n\n<p>C\u00f3digo de Entidad: <strong>L01100670<\/strong> Ayuntamiento de Coria<br>\u00d3rgano de Tramitaci\u00f3n: <strong>L01100670<\/strong> Intervenci\u00f3n<br>Oficina Contable: <strong>L01100670<\/strong> Intervenci\u00f3n<br>\u00d3rgano Gestor: <strong>L01100670<\/strong> Concejal (hasta 1.000,00 euros) \/ Junta de Gobierno (a partir de 1.000,00 euros)<\/p>\n<\/div>\n\n\n\n<div class=\"wp-block-group has-custom-secundario-6-background-color has-background is-layout-flow wp-block-group-is-layout-flow\" style=\"padding-top:var(--wp--preset--spacing--10);padding-right:var(--wp--preset--spacing--10);padding-bottom:var(--wp--preset--spacing--10);padding-left:var(--wp--preset--spacing--10)\">\n<h3 class=\"wp-block-heading\">Ente: Patronato Residencia de Mayores<\/h3>\n\n\n\n<p>C\u00f3digo de Entidad: <strong>LA0000060<\/strong> Patronato Residencia de Mayores<br>\u00d3rgano de Tramitaci\u00f3n: <strong>LA0000060<\/strong> Administrativo Residencia de Mayores<br>Oficina Contable: <strong>LA0000060<\/strong> Administrativo Residencia de Mayores<br>\u00d3rgano Gestor: <strong>LA0000060<\/strong> Director (hasta 1.000,00 euros) \/ Presidente Patronato (a partir de 1.000,00 euros)<\/p>\n<\/div>\n\n\n\n<p>Remitir y Consultar Facturas Electr\u00f3nicas para Proveedores:<\/p>\n\n\n\n<p>Contacto:<\/p>\n\n\n\n<figure class=\"wp-block-image size-full\"><a href=\"https:\/\/face.gob.es\/es\" target=\"_blank\" rel=\"noreferrer noopener\"><img loading=\"lazy\" decoding=\"async\" width=\"629\" height=\"100\" src=\"https:\/\/coria.org\/ayuntamiento\/wp-content\/uploads\/2024\/01\/logo_FACe.png\" alt=\"\" class=\"wp-image-57808\" srcset=\"https:\/\/coria.org\/ayuntamiento\/wp-content\/uploads\/2024\/01\/logo_FACe.png 629w, https:\/\/coria.org\/ayuntamiento\/wp-content\/uploads\/2024\/01\/logo_FACe-300x48.png 300w\" sizes=\"auto, (max-width: 629px) 100vw, 629px\" \/><\/a><\/figure>\n","protected":false},"excerpt":{"rendered":"<p>Todas las facturas que se remitan a esta Administraci\u00f3n, deben incluir la siguiente codificaci\u00f3n dentro de la factura: Ente: Ayuntamiento de Coria C\u00f3digo de Entidad: L01100670 Ayuntamiento de Coria\u00d3rgano de Tramitaci\u00f3n: L01100670 Intervenci\u00f3nOficina Contable: L01100670 Intervenci\u00f3n\u00d3rgano Gestor: L01100670 Concejal (hasta 1.000,00 euros) \/ Junta de Gobierno (a partir de 1.000,00 euros) Ente: Patronato Residencia de [&hellip;]<\/p>\n","protected":false},"author":2,"featured_media":1758,"parent":0,"menu_order":0,"comment_status":"closed","ping_status":"closed","template":"","meta":{"_uag_custom_page_level_css":"","footnotes":""},"class_list":["post-1621","page","type-page","status-publish","has-post-thumbnail","hentry"],"yoast_head":"<!-- This site is optimized with the Yoast SEO plugin v27.4 - https:\/\/yoast.com\/product\/yoast-seo-wordpress\/ -->\n<title>C\u00f3digos para Facturaci\u00f3n Electr\u00f3nica - Ayuntamiento de Coria<\/title>\n<meta name=\"description\" content=\"C\u00f3digos DIR3 del Ayuntamiento de Coria y del Patronato Residencia de Mayores de Coria utilizados habitualmente en la facturaci\u00f3n electr\u00f3nica.\" \/>\n<meta name=\"robots\" content=\"index, follow, max-snippet:-1, max-image-preview:large, max-video-preview:-1\" \/>\n<link rel=\"canonical\" href=\"https:\/\/coria.org\/ayuntamiento\/index.php\/codigos-facturacion-electronica\/\" \/>\n<meta property=\"og:locale\" content=\"es_ES\" \/>\n<meta property=\"og:type\" content=\"article\" \/>\n<meta property=\"og:title\" content=\"C\u00f3digos para Facturaci\u00f3n Electr\u00f3nica - Ayuntamiento de Coria\" \/>\n<meta property=\"og:description\" content=\"C\u00f3digos DIR3 del Ayuntamiento de Coria y del Patronato Residencia de Mayores de Coria utilizados habitualmente en la facturaci\u00f3n electr\u00f3nica.\" \/>\n<meta property=\"og:url\" content=\"https:\/\/coria.org\/ayuntamiento\/index.php\/codigos-facturacion-electronica\/\" \/>\n<meta property=\"og:site_name\" content=\"Ayuntamiento de Coria\" \/>\n<meta property=\"article:publisher\" content=\"https:\/\/www.facebook.com\/Ayuntamiento.de.Coria\" \/>\n<meta property=\"article:modified_time\" content=\"2024-08-14T06:35:33+00:00\" \/>\n<meta property=\"og:image\" content=\"https:\/\/coria.org\/ayuntamiento\/wp-content\/uploads\/2022\/02\/ayto.jpg\" \/>\n\t<meta property=\"og:image:width\" content=\"1024\" \/>\n\t<meta property=\"og:image:height\" content=\"576\" \/>\n\t<meta property=\"og:image:type\" content=\"image\/jpeg\" \/>\n<meta name=\"twitter:card\" content=\"summary_large_image\" \/>\n<meta name=\"twitter:site\" content=\"@Ayto_de_Coria\" \/>\n<meta name=\"twitter:label1\" content=\"Tiempo de lectura\" \/>\n\t<meta name=\"twitter:data1\" content=\"1 minuto\" \/>\n<script type=\"application\/ld+json\" class=\"yoast-schema-graph\">{\"@context\":\"https:\\\/\\\/schema.org\",\"@graph\":[{\"@type\":\"WebPage\",\"@id\":\"https:\\\/\\\/coria.org\\\/ayuntamiento\\\/index.php\\\/codigos-facturacion-electronica\\\/\",\"url\":\"https:\\\/\\\/coria.org\\\/ayuntamiento\\\/index.php\\\/codigos-facturacion-electronica\\\/\",\"name\":\"C\u00f3digos para Facturaci\u00f3n Electr\u00f3nica - Ayuntamiento de Coria\",\"isPartOf\":{\"@id\":\"https:\\\/\\\/coria.org\\\/ayuntamiento\\\/#website\"},\"primaryImageOfPage\":{\"@id\":\"https:\\\/\\\/coria.org\\\/ayuntamiento\\\/index.php\\\/codigos-facturacion-electronica\\\/#primaryimage\"},\"image\":{\"@id\":\"https:\\\/\\\/coria.org\\\/ayuntamiento\\\/index.php\\\/codigos-facturacion-electronica\\\/#primaryimage\"},\"thumbnailUrl\":\"https:\\\/\\\/coria.org\\\/ayuntamiento\\\/wp-content\\\/uploads\\\/2022\\\/02\\\/ayto.jpg\",\"datePublished\":\"2020-12-29T12:40:23+00:00\",\"dateModified\":\"2024-08-14T06:35:33+00:00\",\"description\":\"C\u00f3digos DIR3 del Ayuntamiento de Coria y del Patronato Residencia de Mayores de Coria utilizados habitualmente en la facturaci\u00f3n electr\u00f3nica.\",\"breadcrumb\":{\"@id\":\"https:\\\/\\\/coria.org\\\/ayuntamiento\\\/index.php\\\/codigos-facturacion-electronica\\\/#breadcrumb\"},\"inLanguage\":\"es\",\"potentialAction\":[{\"@type\":\"ReadAction\",\"target\":[\"https:\\\/\\\/coria.org\\\/ayuntamiento\\\/index.php\\\/codigos-facturacion-electronica\\\/\"]}]},{\"@type\":\"ImageObject\",\"inLanguage\":\"es\",\"@id\":\"https:\\\/\\\/coria.org\\\/ayuntamiento\\\/index.php\\\/codigos-facturacion-electronica\\\/#primaryimage\",\"url\":\"https:\\\/\\\/coria.org\\\/ayuntamiento\\\/wp-content\\\/uploads\\\/2022\\\/02\\\/ayto.jpg\",\"contentUrl\":\"https:\\\/\\\/coria.org\\\/ayuntamiento\\\/wp-content\\\/uploads\\\/2022\\\/02\\\/ayto.jpg\",\"width\":1024,\"height\":576},{\"@type\":\"BreadcrumbList\",\"@id\":\"https:\\\/\\\/coria.org\\\/ayuntamiento\\\/index.php\\\/codigos-facturacion-electronica\\\/#breadcrumb\",\"itemListElement\":[{\"@type\":\"ListItem\",\"position\":1,\"name\":\"Inicio\",\"item\":\"https:\\\/\\\/coria.org\\\/ayuntamiento\\\/\"},{\"@type\":\"ListItem\",\"position\":2,\"name\":\"C\u00f3digos para Facturaci\u00f3n Electr\u00f3nica\"}]},{\"@type\":\"WebSite\",\"@id\":\"https:\\\/\\\/coria.org\\\/ayuntamiento\\\/#website\",\"url\":\"https:\\\/\\\/coria.org\\\/ayuntamiento\\\/\",\"name\":\"Ayuntamiento de Coria\",\"description\":\"Web oficial del Ayuntamiento de Coria\",\"publisher\":{\"@id\":\"https:\\\/\\\/coria.org\\\/ayuntamiento\\\/#organization\"},\"alternateName\":\"Web Oficial del Ayuntamiento de Coria\",\"potentialAction\":[{\"@type\":\"SearchAction\",\"target\":{\"@type\":\"EntryPoint\",\"urlTemplate\":\"https:\\\/\\\/coria.org\\\/ayuntamiento\\\/?s={search_term_string}\"},\"query-input\":{\"@type\":\"PropertyValueSpecification\",\"valueRequired\":true,\"valueName\":\"search_term_string\"}}],\"inLanguage\":\"es\"},{\"@type\":\"Organization\",\"@id\":\"https:\\\/\\\/coria.org\\\/ayuntamiento\\\/#organization\",\"name\":\"Ayuntamiento de Coria\",\"alternateName\":\"Ayto de Coria\",\"url\":\"https:\\\/\\\/coria.org\\\/ayuntamiento\\\/\",\"logo\":{\"@type\":\"ImageObject\",\"inLanguage\":\"es\",\"@id\":\"https:\\\/\\\/coria.org\\\/ayuntamiento\\\/#\\\/schema\\\/logo\\\/image\\\/\",\"url\":\"https:\\\/\\\/coria.org\\\/ayuntamiento\\\/wp-content\\\/uploads\\\/2020\\\/12\\\/escudo-ayuntamiento-coria.png\",\"contentUrl\":\"https:\\\/\\\/coria.org\\\/ayuntamiento\\\/wp-content\\\/uploads\\\/2020\\\/12\\\/escudo-ayuntamiento-coria.png\",\"width\":511,\"height\":240,\"caption\":\"Ayuntamiento de Coria\"},\"image\":{\"@id\":\"https:\\\/\\\/coria.org\\\/ayuntamiento\\\/#\\\/schema\\\/logo\\\/image\\\/\"},\"sameAs\":[\"https:\\\/\\\/www.facebook.com\\\/Ayuntamiento.de.Coria\",\"https:\\\/\\\/x.com\\\/Ayto_de_Coria\",\"https:\\\/\\\/www.instagram.com\\\/coria.ayuntamiento\\\/\",\"https:\\\/\\\/www.youtube.com\\\/user\\\/AYUNTAMIENTOCORIA\"]}]}<\/script>\n<!-- \/ Yoast SEO plugin. -->","yoast_head_json":{"title":"C\u00f3digos para Facturaci\u00f3n Electr\u00f3nica - Ayuntamiento de Coria","description":"C\u00f3digos DIR3 del Ayuntamiento de Coria y del Patronato Residencia de Mayores de Coria utilizados habitualmente en la facturaci\u00f3n electr\u00f3nica.","robots":{"index":"index","follow":"follow","max-snippet":"max-snippet:-1","max-image-preview":"max-image-preview:large","max-video-preview":"max-video-preview:-1"},"canonical":"https:\/\/coria.org\/ayuntamiento\/index.php\/codigos-facturacion-electronica\/","og_locale":"es_ES","og_type":"article","og_title":"C\u00f3digos para Facturaci\u00f3n Electr\u00f3nica - Ayuntamiento de Coria","og_description":"C\u00f3digos DIR3 del Ayuntamiento de Coria y del Patronato Residencia de Mayores de Coria utilizados habitualmente en la facturaci\u00f3n electr\u00f3nica.","og_url":"https:\/\/coria.org\/ayuntamiento\/index.php\/codigos-facturacion-electronica\/","og_site_name":"Ayuntamiento de Coria","article_publisher":"https:\/\/www.facebook.com\/Ayuntamiento.de.Coria","article_modified_time":"2024-08-14T06:35:33+00:00","og_image":[{"width":1024,"height":576,"url":"https:\/\/coria.org\/ayuntamiento\/wp-content\/uploads\/2022\/02\/ayto.jpg","type":"image\/jpeg"}],"twitter_card":"summary_large_image","twitter_site":"@Ayto_de_Coria","twitter_misc":{"Tiempo de lectura":"1 minuto"},"schema":{"@context":"https:\/\/schema.org","@graph":[{"@type":"WebPage","@id":"https:\/\/coria.org\/ayuntamiento\/index.php\/codigos-facturacion-electronica\/","url":"https:\/\/coria.org\/ayuntamiento\/index.php\/codigos-facturacion-electronica\/","name":"C\u00f3digos para Facturaci\u00f3n Electr\u00f3nica - Ayuntamiento de Coria","isPartOf":{"@id":"https:\/\/coria.org\/ayuntamiento\/#website"},"primaryImageOfPage":{"@id":"https:\/\/coria.org\/ayuntamiento\/index.php\/codigos-facturacion-electronica\/#primaryimage"},"image":{"@id":"https:\/\/coria.org\/ayuntamiento\/index.php\/codigos-facturacion-electronica\/#primaryimage"},"thumbnailUrl":"https:\/\/coria.org\/ayuntamiento\/wp-content\/uploads\/2022\/02\/ayto.jpg","datePublished":"2020-12-29T12:40:23+00:00","dateModified":"2024-08-14T06:35:33+00:00","description":"C\u00f3digos DIR3 del Ayuntamiento de Coria y del Patronato Residencia de Mayores de Coria utilizados habitualmente en la facturaci\u00f3n electr\u00f3nica.","breadcrumb":{"@id":"https:\/\/coria.org\/ayuntamiento\/index.php\/codigos-facturacion-electronica\/#breadcrumb"},"inLanguage":"es","potentialAction":[{"@type":"ReadAction","target":["https:\/\/coria.org\/ayuntamiento\/index.php\/codigos-facturacion-electronica\/"]}]},{"@type":"ImageObject","inLanguage":"es","@id":"https:\/\/coria.org\/ayuntamiento\/index.php\/codigos-facturacion-electronica\/#primaryimage","url":"https:\/\/coria.org\/ayuntamiento\/wp-content\/uploads\/2022\/02\/ayto.jpg","contentUrl":"https:\/\/coria.org\/ayuntamiento\/wp-content\/uploads\/2022\/02\/ayto.jpg","width":1024,"height":576},{"@type":"BreadcrumbList","@id":"https:\/\/coria.org\/ayuntamiento\/index.php\/codigos-facturacion-electronica\/#breadcrumb","itemListElement":[{"@type":"ListItem","position":1,"name":"Inicio","item":"https:\/\/coria.org\/ayuntamiento\/"},{"@type":"ListItem","position":2,"name":"C\u00f3digos para Facturaci\u00f3n Electr\u00f3nica"}]},{"@type":"WebSite","@id":"https:\/\/coria.org\/ayuntamiento\/#website","url":"https:\/\/coria.org\/ayuntamiento\/","name":"Ayuntamiento de Coria","description":"Web oficial del Ayuntamiento de Coria","publisher":{"@id":"https:\/\/coria.org\/ayuntamiento\/#organization"},"alternateName":"Web Oficial del Ayuntamiento de Coria","potentialAction":[{"@type":"SearchAction","target":{"@type":"EntryPoint","urlTemplate":"https:\/\/coria.org\/ayuntamiento\/?s={search_term_string}"},"query-input":{"@type":"PropertyValueSpecification","valueRequired":true,"valueName":"search_term_string"}}],"inLanguage":"es"},{"@type":"Organization","@id":"https:\/\/coria.org\/ayuntamiento\/#organization","name":"Ayuntamiento de Coria","alternateName":"Ayto de Coria","url":"https:\/\/coria.org\/ayuntamiento\/","logo":{"@type":"ImageObject","inLanguage":"es","@id":"https:\/\/coria.org\/ayuntamiento\/#\/schema\/logo\/image\/","url":"https:\/\/coria.org\/ayuntamiento\/wp-content\/uploads\/2020\/12\/escudo-ayuntamiento-coria.png","contentUrl":"https:\/\/coria.org\/ayuntamiento\/wp-content\/uploads\/2020\/12\/escudo-ayuntamiento-coria.png","width":511,"height":240,"caption":"Ayuntamiento de Coria"},"image":{"@id":"https:\/\/coria.org\/ayuntamiento\/#\/schema\/logo\/image\/"},"sameAs":["https:\/\/www.facebook.com\/Ayuntamiento.de.Coria","https:\/\/x.com\/Ayto_de_Coria","https:\/\/www.instagram.com\/coria.ayuntamiento\/","https:\/\/www.youtube.com\/user\/AYUNTAMIENTOCORIA"]}]}},"uagb_featured_image_src":{"full":["https:\/\/coria.org\/ayuntamiento\/wp-content\/uploads\/2022\/02\/ayto.jpg",1024,576,false],"thumbnail":["https:\/\/coria.org\/ayuntamiento\/wp-content\/uploads\/2022\/02\/ayto-150x150.jpg",150,150,true],"medium":["https:\/\/coria.org\/ayuntamiento\/wp-content\/uploads\/2022\/02\/ayto-300x169.jpg",300,169,true],"medium_large":["https:\/\/coria.org\/ayuntamiento\/wp-content\/uploads\/2022\/02\/ayto-768x432.jpg",768,432,true],"large":["https:\/\/coria.org\/ayuntamiento\/wp-content\/uploads\/2022\/02\/ayto.jpg",1024,576,false],"thumblist":["https:\/\/coria.org\/ayuntamiento\/wp-content\/uploads\/2022\/02\/ayto.jpg",300,169,false],"thumbrelated":["https:\/\/coria.org\/ayuntamiento\/wp-content\/uploads\/2022\/02\/ayto.jpg",500,281,false],"meccarouselthumb":["https:\/\/coria.org\/ayuntamiento\/wp-content\/uploads\/2022\/02\/ayto.jpg",474,267,false],"gridsquare":["https:\/\/coria.org\/ayuntamiento\/wp-content\/uploads\/2022\/02\/ayto.jpg",391,220,false],"tileview":["https:\/\/coria.org\/ayuntamiento\/wp-content\/uploads\/2022\/02\/ayto.jpg",300,169,false],"1536x1536":["https:\/\/coria.org\/ayuntamiento\/wp-content\/uploads\/2022\/02\/ayto.jpg",1024,576,false],"2048x2048":["https:\/\/coria.org\/ayuntamiento\/wp-content\/uploads\/2022\/02\/ayto.jpg",1024,576,false]},"uagb_author_info":{"display_name":"ayuntamiento","author_link":"https:\/\/coria.org\/ayuntamiento\/index.php\/author\/ayuntamiento\/"},"uagb_comment_info":0,"uagb_excerpt":"Todas las facturas que se remitan a esta Administraci\u00f3n, deben incluir la siguiente codificaci\u00f3n dentro de la factura: Ente: Ayuntamiento de Coria C\u00f3digo de Entidad: L01100670 Ayuntamiento de Coria\u00d3rgano de Tramitaci\u00f3n: L01100670 Intervenci\u00f3nOficina Contable: L01100670 Intervenci\u00f3n\u00d3rgano Gestor: L01100670 Concejal (hasta 1.000,00 euros) \/ Junta de Gobierno (a partir de 1.000,00 euros) Ente: Patronato Residencia de&hellip;","_links":{"self":[{"href":"https:\/\/coria.org\/ayuntamiento\/index.php\/wp-json\/wp\/v2\/pages\/1621","targetHints":{"allow":["GET"]}}],"collection":[{"href":"https:\/\/coria.org\/ayuntamiento\/index.php\/wp-json\/wp\/v2\/pages"}],"about":[{"href":"https:\/\/coria.org\/ayuntamiento\/index.php\/wp-json\/wp\/v2\/types\/page"}],"author":[{"embeddable":true,"href":"https:\/\/coria.org\/ayuntamiento\/index.php\/wp-json\/wp\/v2\/users\/2"}],"replies":[{"embeddable":true,"href":"https:\/\/coria.org\/ayuntamiento\/index.php\/wp-json\/wp\/v2\/comments?post=1621"}],"version-history":[{"count":0,"href":"https:\/\/coria.org\/ayuntamiento\/index.php\/wp-json\/wp\/v2\/pages\/1621\/revisions"}],"wp:featuredmedia":[{"embeddable":true,"href":"https:\/\/coria.org\/ayuntamiento\/index.php\/wp-json\/wp\/v2\/media\/1758"}],"wp:attachment":[{"href":"https:\/\/coria.org\/ayuntamiento\/index.php\/wp-json\/wp\/v2\/media?parent=1621"}],"curies":[{"name":"wp","href":"https:\/\/api.w.org\/{rel}","templated":true}]}}